{"id":485,"date":"2025-11-05T14:00:57","date_gmt":"2025-11-05T13:00:57","guid":{"rendered":"https:\/\/danilaf.com\/about-us\/"},"modified":"2026-01-19T16:58:53","modified_gmt":"2026-01-19T15:58:53","slug":"notre-histoire","status":"publish","type":"page","link":"https:\/\/danilaf.com\/en\/notre-histoire\/","title":{"rendered":"Our history"},"content":{"rendered":"<div class=\"wp-block-uagb-container uagb-block-bea5283e alignfull uagb-is-root-container\"><div class=\"uagb-container-inner-blocks-wrap\">\n<div class=\"wp-block-uagb-advanced-heading uagb-block-fc6aaff1\"><h1 class=\"uagb-heading-text\">About Danila f.<\/h1><\/div>\n<\/div><\/div>\n\n\n\n<div class=\"wp-block-uagb-container uagb-block-4ad07b0b alignfull uagb-is-root-container\"><div class=\"uagb-container-inner-blocks-wrap\">\n<div class=\"wp-block-uagb-container uagb-block-dde14a08\">\n<div class=\"wp-block-uagb-advanced-heading uagb-block-819b66ad\"><h2 class=\"uagb-heading-text\">From Intuition <br>to Matter, <br>The Story of a House of Intentional Jewelry<\/h2><\/div>\n<\/div>\n\n\n\n<div class=\"wp-block-uagb-container uagb-block-9276b384\">\n<div class=\"wp-block-uagb-info-box uagb-block-d2c339f6 uagb-infobox__content-wrap  uagb-infobox-icon-above-title uagb-infobox-image-valign-top\"><div class=\"uagb-ifb-content\"><div class=\"uagb-ifb-title-wrap\"><h6 class=\"uagb-ifb-title-prefix\">OUR STORY<\/h6><h5 class=\"uagb-ifb-title\">When words become matter, <br>intentions come to life.<\/h5><\/div><p class=\"uagb-ifb-desc\">Danila f. was born from a unique journey: that of a woman who has always created.<br>Born in New York. Childhood spent between Beirut and Paris, where she lives. In the summers, she returns to her Dalmatian roots on the island where she spent her childhood holidays, immersed in pirate stories told by her father and tales of Celtic magic whispered by her grandmother. <br>Danila carries several lives within her. Creator, stylist and designer; an entrepreneur who reinvented herself many times before finding the very essence of her expression.<br>The Danila f. story begins on this small Croatian island, where everything changed.<\/p><\/div><\/div>\n<\/div>\n<\/div><\/div>\n\n\n\n<div class=\"wp-block-uagb-container uagb-block-03daffa8 alignfull uagb-is-root-container\"><div class=\"uagb-container-inner-blocks-wrap\">\n<div class=\"wp-block-uagb-info-box uagb-block-3625f0bd uagb-infobox__content-wrap  uagb-infobox-icon-above-title uagb-infobox-image-valign-top\"><div class=\"uagb-ifb-content\"><div class=\"uagb-ifb-title-wrap\"><h6 class=\"uagb-ifb-title-prefix\">The Croatian island<\/h6><h2 class=\"uagb-ifb-title\">A <strong>jewel,<\/strong> <br><strong>A revelation<\/strong><\/h2><\/div><p class=\"uagb-ifb-desc\"><br>There, she opens her workshop for two hours each evening. Passing women \u2014travelers, sailors, and free spirits\u2014 discover her creations. They call the harbor master's office to make sure she's there. If they're not alone on board, they order to make a stop. It's non-negotiable.<br>The workshop becomes a sanctuary filled with laughter. A place where women recognize themselves, reveal themselves, and transform.<br>That's why her workshop is called <strong>Princess Lucina<\/strong>. Not out of frivolity, but out of respect. Out of the strength of the bonds woven through her jewelry and creations. Out of the transformation she guides, from one woman to another.<br><br>Then came the revelation : <strong>craftsmanship can be a form of healing.<\/strong>Hands transform more than matter; they transform lives.<br><em>\u201cMy mother\u2019s liberation, through sharing her creations, is the most beautiful story she tells today.\u201d<\/em> Paloma-Rose, her daughter.<br><strong>Danila f.<\/strong> Danila f. was born from that precise moment: the moment a woman begins to create to be, not to please. Each piece of jewelry then becomes a <strong>secret worn against the skin.<\/strong>A modern talisman. A message \u2014yours\u2014 coded, hammered, knotted, worn. An intention that accompanies you, discreetly, yet powerfully present.<br>The <strong>\u00ab\u00a0f.\u00a0\u00bb<\/strong> lowercase \u201cf.\u201d? A breath. An intimate signature. A femininity embraced without aggression. A discreet elegance. A serene power.<br><strong>f.<\/strong> f. as in friend, feminine, faith, freedom, feel, find.<\/p><\/div><\/div>\n<\/div><\/div>\n\n\n\n<p><\/p>\n\n\n\n<div class=\"wp-block-uagb-info-box uagb-block-ec65eac1 uagb-infobox__content-wrap  uagb-infobox-icon-above-title uagb-infobox-image-valign-top\"><div class=\"uagb-ifb-content\"><div class=\"uagb-ifb-title-wrap\"><h6 class=\"uagb-ifb-title-prefix\">CRAFTSMANSHIP EXCELLENCE<\/h6><h2 class=\"uagb-ifb-title\">Quality as a Commitment <br>Jewelry that lives with you<\/h2><\/div><p class=\"uagb-ifb-desc\">In the world of Danila f. quality isn't a concept, it's a requirement.<br>Each material is carefully selected:<br>Semi-precious stones \u2014 amethyst, pearls, pyrite<br>Intentional threads \u2014 transparent or colored<br>Sustainable stainless steel \u2014 modern, hypoallergenic, timeless<br>Respectful materials \u2014 for all skin types and all bodies<br>Each piece of jewelry is handcrafted in our Parisian workshop, with the precision of a designer accustomed to working with materials in close proximity to the body.<br>The hidden messages \u2014 hammered, coded in Morse code, knotted \u2014 demand a special level of attention. Every finish, every knot, every stone reflects a commitment: to create jewelry that transcends time, emotions, and the seasons of life.<br>Your piece is designed to be worn for a long time, loved for a long time, and felt for a long time.<br>Because a Danila f. piece of jewelry... It's not just an accessory.<br>It's a travel companion.<\/p><\/div><\/div>\n\n\n\n<p><\/p>\n\n\n\n<div class=\"wp-block-uagb-container uagb-block-44919074 alignfull uagb-is-root-container\"><div class=\"uagb-container-inner-blocks-wrap\">\n<div class=\"wp-block-uagb-info-box uagb-block-92fe180d uagb-infobox__content-wrap  uagb-infobox-icon-above-title uagb-infobox-image-valign-top\"><div class=\"uagb-ifb-content\"><div class=\"uagb-ifb-title-wrap\"><h6 class=\"uagb-ifb-title-prefix\">PHILOSOPHIE<\/h6><h2 class=\"uagb-ifb-title\"><strong>Au-del\u00e0 du bijou,<\/strong><br><strong>Un rituel personnel<\/strong><\/h2><\/div><p class=\"uagb-ifb-desc\">Chez Danila f. le bijou n&rsquo;est que le d\u00e9but.<br>Ce qui compte vraiment, c&rsquo;est <strong>l&rsquo;exp\u00e9rience personnelle<\/strong> : <br>le moment o\u00f9 vous choisissez un symbole qui vous suit, <br>vous prot\u00e8ge, vous inspire. Un message qui vous \u00e9l\u00e8ve, <br>vous apaise, vous rappelle qui vous \u00eates.<br><em>Be your best friend.<\/em><br><em>Surpasse tes limites.<\/em><br><em>Tu es plus forte que tu ne crois.<\/em><br>Ou simplement <strong>un nom<\/strong>.<br>Celui d&rsquo;un amour, d&rsquo;une amie, d&rsquo;un \u00eatre cher.<br>D&rsquo;un animal, vivant ou dans nos m\u00e9moires.<br>D&rsquo;une personne qui vous a marqu\u00e9e, transform\u00e9e, sauv\u00e9e.<br><br>Chaque femme m\u00e9rite une pi\u00e8ce qui lui ressemble vraiment.<br>C&rsquo;est pourquoi nous cr\u00e9ons un <strong>accompagnement sur-mesure<\/strong> <br>pour vous guider vers le bijou qui porte votre voix : <br>un mantra invisible, une intention lumineuse, un message secret.<br>Nous vous offrons un accompagnement <br>attentif, humain et pr\u00e9cis, pour que <br>chaque cr\u00e9ation devienne <strong>une extension de vous-m\u00eame<\/strong>.<br>Parce qu&rsquo;accueillir votre histoire fait partie de notre savoir-faire.<\/p><\/div><\/div>\n<\/div><\/div>\n\n\n\n<div class=\"wp-block-uagb-container uagb-block-0fc91953 alignfull uagb-is-root-container\"><div class=\"uagb-container-inner-blocks-wrap\">\n<div class=\"wp-block-uagb-info-box uagb-block-48e158f1 uagb-infobox__content-wrap  uagb-infobox-icon-above-title uagb-infobox-image-valign-top\"><div class=\"uagb-ifb-content\"><div class=\"uagb-ifb-title-wrap\"><h6 class=\"uagb-ifb-title-prefix\">ARTISANAT RESPONSABLE<\/h6><h2 class=\"uagb-ifb-title\">Cr\u00e9er avec conscience pour un avenir r\u00e9fl\u00e9chi<\/h2><\/div><\/div><\/div>\n\n\n\n<div class=\"wp-block-uagb-container uagb-block-15658d67\">\n<div class=\"wp-block-uagb-advanced-heading uagb-block-82c8448e\"><h5 class=\"uagb-heading-text\">Cr\u00e9er avec sens implique aussi de <br>cr\u00e9er avec conscience.<br>Nous s\u00e9lectionnons des mat\u00e9riaux responsables, hypoallerg\u00e9niques, durables, <br>respectueux du corps comme de l&rsquo;environnement.<\/h5><\/div>\n\n\n\n<div class=\"wp-block-uagb-info-box uagb-block-054f4b26 uagb-infobox__content-wrap  uagb-infobox-icon-above-title uagb-infobox-image-valign-top\"><div class=\"uagb-ifb-content\"><div class=\"uagb-ifb-title-wrap\"><\/div><p class=\"uagb-ifb-desc\">Nos partenaires partagent nos valeurs :<br>Savoir-faire artisanal<br>\u00c9thique et transparence<br>Respect du travail manuel<br>Mati\u00e8res premi\u00e8res tra\u00e7ables<br>Chaque emballage est con\u00e7u pour <strong>minimiser l&#8217;empreinte environnementale<\/strong> tout en pr\u00e9servant l&rsquo;exp\u00e9rience \u00e9l\u00e9gante et personnelle qui nous caract\u00e9rise.<br>Choisir un bijou Danila f. c&rsquo;est choisir un objet charg\u00e9 d&rsquo;intention <strong>et cr\u00e9\u00e9 avec responsabilit\u00e9<\/strong>.<\/p><\/div><\/div>\n<\/div>\n<\/div><\/div>\n\n\n\n<div class=\"wp-block-uagb-container uagb-block-3e2b9b3a alignfull uagb-is-root-container\"><div class=\"uagb-container-inner-blocks-wrap\">\n<div class=\"wp-block-uagb-container uagb-block-712898a9\">\n<div class=\"wp-block-uagb-info-box uagb-block-390f2add uagb-infobox__content-wrap  uagb-infobox-icon-above-title uagb-infobox-image-valign-top\"><div class=\"uagb-ifb-content\"><div class=\"uagb-ifb-title-wrap\"><h6 class=\"uagb-ifb-title-prefix\">TRANSMISSION<\/h6><h2 class=\"uagb-ifb-title\">Quatre g\u00e9n\u00e9rations, <br>une m\u00eame force<\/h2><\/div><p class=\"uagb-ifb-desc\">Au c\u0153ur de Danila f. <strong>quatre g\u00e9n\u00e9rations de femmes<\/strong> :<br>Deux arri\u00e8re-grand-m\u00e8res toujours tr\u00e8s pr\u00e9sentes dans les m\u00e9moires<br>Une grand-m\u00e8re new-yorkaise qui sugg\u00e8re l&rsquo;\u00eele dalmate comme terre d&rsquo;ancrage<br>Une m\u00e8re qui transforme ce refuge en royaume cr\u00e9atif<br>Une fille qui observe, admire, accompagne et challenge<\/p><\/div><\/div>\n<\/div>\n<\/div><\/div>\n\n\n\n<div class=\"wp-block-uagb-container uagb-block-29842745 alignfull uagb-is-root-container\"><div class=\"uagb-container-inner-blocks-wrap\">\n<div class=\"wp-block-uagb-container uagb-block-2bc90d6f\">\n<div class=\"wp-block-uagb-container uagb-block-bf61fdf2\">\n<div class=\"wp-block-uagb-info-box uagb-block-2554c78b uagb-infobox__content-wrap  uagb-infobox-icon-above-title uagb-infobox-image-valign-top\"><div class=\"uagb-ifb-content\"><div class=\"uagb-ifb-title-wrap\"><h6 class=\"uagb-ifb-title-prefix\">L&rsquo;histoire continuera<\/h6><h2 class=\"uagb-ifb-title\"><strong>De <strong>Princess Lucina<\/strong> <\/strong><br><strong>\u00e0 <strong>Danila f.<\/strong><\/strong><\/h2><\/div><\/div><\/div>\n\n\n\n<div class=\"wp-block-uagb-advanced-heading uagb-block-9f1ae72a\"><h5 class=\"uagb-heading-text\">L&rsquo;\u00e9volution d&rsquo;un surnom donn\u00e9 par respect, vers <br>une maison de bijoux intentionnels reconnue.<\/h5><\/div>\n<\/div>\n\n\n\n<div class=\"wp-block-uagb-container uagb-block-fb0d56a7\">\n<div class=\"wp-block-uagb-info-box uagb-block-71da6051 uagb-infobox__content-wrap  uagb-infobox-icon-above-title uagb-infobox-image-valign-top\"><div class=\"uagb-ifb-content\"><div class=\"uagb-ifb-title-wrap\"><\/div><p class=\"uagb-ifb-desc\"><br>Car un bijou personnalis\u00e9 n&rsquo;est <br>jamais un simple accessoire.<br>C&rsquo;est un message qui voyage <br>d&rsquo;une g\u00e9n\u00e9ration \u00e0 l&rsquo;autre.<br>L&rsquo;h\u00e9ritage d&rsquo;une \u00eele. <br>La transmission d&rsquo;une vision.<br><strong>Un passage du doute \u00e0 la force.<\/strong><br><strong>Le pouvoir des mains qui cr\u00e9ent et lib\u00e8rent.<\/strong><br>Un encouragement qu&rsquo;une personne s&rsquo;offre ou offre \u00e0 une autre.<\/p><\/div><\/div>\n<\/div>\n<\/div>\n<\/div><\/div>\n\n\n\n<div class=\"wp-block-uagb-container uagb-block-ccc4e980 alignfull uagb-is-root-container\"><div class=\"uagb-container-inner-blocks-wrap\">\n<div class=\"wp-block-uagb-container uagb-block-9aa8d9e0\">\n<div class=\"wp-block-uagb-info-box uagb-block-d1091790 uagb-infobox__content-wrap  uagb-infobox-icon-above-title uagb-infobox-image-valign-top\"><div class=\"uagb-ifb-content\"><div class=\"uagb-ifb-title-wrap\"><h6 class=\"uagb-ifb-title-prefix\">Explore yourself<\/h6><h2 class=\"uagb-ifb-title\">R\u00e9v\u00e9lez votre force douce, affirmez votre \u00e9l\u00e9gance rebelle.<\/h2><\/div><p class=\"uagb-ifb-desc\">D\u00e9couvrez nos cr\u00e9ations et laissez-vous guider par <br>l&rsquo;appel d&rsquo;une pi\u00e8ce qui parle \u00e0 votre histoire.<br>Chaque bijou porte une intention. La v\u00f4tre.<\/p><\/div><\/div>\n\n\n\n<div class=\"wp-block-uagb-buttons uagb-buttons__outer-wrap uagb-btn__default-btn uagb-btn-tablet__default-btn uagb-btn-mobile__default-btn uagb-block-181e40e0\"><div class=\"uagb-buttons__wrap uagb-buttons-layout-wrap\">\n<div class=\"wp-block-uagb-buttons-child uagb-buttons__outer-wrap uagb-block-4687be33 wp-block-button\"><div class=\"uagb-button__wrapper\"><a class=\"uagb-buttons-repeater ast-outline-button\" aria-label=\"\" style=\"border-width:revert-layer\" href=\"#\" rel=\"follow noopener\" target=\"_self\" role=\"button\"><div class=\"uagb-button__link\">Discover the jewels<\/div><\/a><\/div><\/div>\n<\/div><\/div>\n<\/div>\n<\/div><\/div>","protected":false},"excerpt":{"rendered":"<p>\u00c0 Propos de Danila f. De l&rsquo;Intuition \u00e0 la Mati\u00e8re, L&rsquo;Histoire d&rsquo;une Maison de Bijoux Intentionnels Cr\u00e9er avec sens implique [&hellip;]<\/p>\n","protected":false},"author":1,"featured_media":0,"parent":0,"menu_order":0,"comment_status":"closed","ping_status":"closed","template":"","meta":{"_uag_custom_page_level_css":"","_monsterinsights_skip_tracking":false,"_monsterinsights_sitenote_active":false,"_monsterinsights_sitenote_note":"","_monsterinsights_sitenote_category":0,"site-sidebar-layout":"default","site-content-layout":"","ast-site-content-layout":"default","site-content-style":"default","site-sidebar-style":"default","ast-global-header-display":"","ast-banner-title-visibility":"","ast-main-header-display":"","ast-hfb-above-header-display":"","ast-hfb-below-header-display":"","ast-hfb-mobile-header-display":"","site-post-title":"disabled","ast-breadcrumbs-content":"","ast-featured-img":"","footer-sml-layout":"","ast-disable-related-posts":"","theme-transparent-header-meta":"enabled","adv-header-id-meta":"","stick-header-meta":"","header-above-stick-meta":"","header-main-stick-meta":"","header-below-stick-meta":"","astra-migrate-meta-layouts":"default","ast-page-background-enabled":"default","ast-page-background-meta":{"desktop":{"background-color":"var(--ast-global-color-4)","background-image":"","background-repeat":"repeat","background-position":"center center","background-size":"auto","background-attachment":"scroll","background-type":"","background-media":"","overlay-type":"","overlay-color":"","overlay-opacity":"","overlay-gradient":""},"tablet":{"background-color":"","background-image":"","background-repeat":"repeat","background-position":"center center","background-size":"auto","background-attachment":"scroll","background-type":"","background-media":"","overlay-type":"","overlay-color":"","overlay-opacity":"","overlay-gradient":""},"mobile":{"background-color":"","background-image":"","background-repeat":"repeat","background-position":"center center","background-size":"auto","background-attachment":"scroll","background-type":"","background-media":"","overlay-type":"","overlay-color":"","overlay-opacity":"","overlay-gradient":""}},"ast-content-background-meta":{"desktop":{"background-color":"var(--ast-global-color-5)","background-image":"","background-repeat":"repeat","background-position":"center center","background-size":"auto","background-attachment":"scroll","background-type":"","background-media":"","overlay-type":"","overlay-color":"","overlay-opacity":"","overlay-gradient":""},"tablet":{"background-color":"var(--ast-global-color-5)","background-image":"","background-repeat":"repeat","background-position":"center center","background-size":"auto","background-attachment":"scroll","background-type":"","background-media":"","overlay-type":"","overlay-color":"","overlay-opacity":"","overlay-gradient":""},"mobile":{"background-color":"var(--ast-global-color-5)","background-image":"","background-repeat":"repeat","background-position":"center center","background-size":"auto","background-attachment":"scroll","background-type":"","background-media":"","overlay-type":"","overlay-color":"","overlay-opacity":"","overlay-gradient":""}},"footnotes":""},"class_list":["post-485","page","type-page","status-publish","hentry"],"aioseo_notices":[],"_hostinger_reach_plugin_has_subscription_block":false,"_hostinger_reach_plugin_is_elementor":false,"uagb_featured_image_src":{"full":false,"thumbnail":false,"medium":false,"medium_large":false,"large":false,"1536x1536":false,"2048x2048":false,"trp-custom-language-flag":false,"woocommerce_thumbnail":false,"woocommerce_single":false,"woocommerce_gallery_thumbnail":false},"uagb_author_info":{"display_name":"Danila f.","author_link":"https:\/\/danilaf.com\/en\/author\/danila-fatovicgmail-com\/"},"uagb_comment_info":0,"uagb_excerpt":"\u00c0 Propos de Danila f. De l&rsquo;Intuition \u00e0 la Mati\u00e8re, L&rsquo;Histoire d&rsquo;une Maison de Bijoux Intentionnels Cr\u00e9er avec sens implique [&hellip;]","_links":{"self":[{"href":"https:\/\/danilaf.com\/en\/wp-json\/wp\/v2\/pages\/485","targetHints":{"allow":["GET"]}}],"collection":[{"href":"https:\/\/danilaf.com\/en\/wp-json\/wp\/v2\/pages"}],"about":[{"href":"https:\/\/danilaf.com\/en\/wp-json\/wp\/v2\/types\/page"}],"author":[{"embeddable":true,"href":"https:\/\/danilaf.com\/en\/wp-json\/wp\/v2\/users\/1"}],"replies":[{"embeddable":true,"href":"https:\/\/danilaf.com\/en\/wp-json\/wp\/v2\/comments?post=485"}],"version-history":[{"count":38,"href":"https:\/\/danilaf.com\/en\/wp-json\/wp\/v2\/pages\/485\/revisions"}],"predecessor-version":[{"id":1187,"href":"https:\/\/danilaf.com\/en\/wp-json\/wp\/v2\/pages\/485\/revisions\/1187"}],"wp:attachment":[{"href":"https:\/\/danilaf.com\/en\/wp-json\/wp\/v2\/media?parent=485"}],"curies":[{"name":"wp","href":"https:\/\/api.w.org\/{rel}","templated":true}]}}