{"id":846,"date":"2026-01-01T00:00:00","date_gmt":"2025-12-31T23:00:00","guid":{"rendered":"https:\/\/danilaf.com\/?page_id=846"},"modified":"2026-01-19T14:15:11","modified_gmt":"2026-01-19T13:15:11","slug":"rituels","status":"publish","type":"page","link":"https:\/\/danilaf.com\/en\/rituels\/","title":{"rendered":"Rituals"},"content":{"rendered":"<div class=\"wp-block-uagb-container uagb-block-bea5283e alignfull uagb-is-root-container\"><div class=\"uagb-container-inner-blocks-wrap\">\n<div class=\"wp-block-uagb-advanced-heading uagb-block-fc6aaff1\"><h1 class=\"uagb-heading-text\">Comment porter les bijoux <br>Danila f.<\/h1><\/div>\n<\/div><\/div>\n\n\n\n<div class=\"wp-block-uagb-container uagb-block-4ad07b0b alignfull uagb-is-root-container\"><div class=\"uagb-container-inner-blocks-wrap\">\n<div class=\"wp-block-group is-content-justification-center is-nowrap is-layout-flex wp-container-core-group-is-layout-23441af8 wp-block-group-is-layout-flex\">\n<div class=\"wp-block-uagb-image alignright uagb-block-71b8ce90 wp-block-uagb-image--layout-default wp-block-uagb-image--effect-static wp-block-uagb-image--align-right\"><figure class=\"wp-block-uagb-image__figure\"><img decoding=\"async\" srcset=\"https:\/\/danilaf.com\/wp-content\/uploads\/2026\/01\/collier-Morse-Long-TEXTES-FR-1024x428.jpg ,https:\/\/danilaf.com\/wp-content\/uploads\/2026\/01\/collier-Morse-Long-TEXTES-FR.jpg 780w, https:\/\/danilaf.com\/wp-content\/uploads\/2026\/01\/collier-Morse-Long-TEXTES-FR.jpg 360w\" sizes=\"auto, (max-width: 480px) 150px\" src=\"https:\/\/danilaf.com\/wp-content\/uploads\/2026\/01\/collier-Morse-Long-TEXTES-FR-1024x428.jpg\" alt=\"collier morse long textes fr\" class=\"uag-image-848\" width=\"708\" height=\"627\" title=\"collier morse long textes fr\" loading=\"lazy\" role=\"img\"\/><\/figure><\/div>\n<\/div>\n\n\n\n<div class=\"wp-block-group is-content-justification-center is-nowrap is-layout-flex wp-container-core-group-is-layout-23441af8 wp-block-group-is-layout-flex\">\n<div class=\"wp-block-uagb-image alignright uagb-block-ed312f3c wp-block-uagb-image--layout-default wp-block-uagb-image--effect-static wp-block-uagb-image--align-right\"><figure class=\"wp-block-uagb-image__figure\"><img decoding=\"async\" srcset=\"https:\/\/danilaf.com\/wp-content\/uploads\/2026\/01\/Morse-Long-croquis-1-front-img20251211_11374780-1.png ,https:\/\/danilaf.com\/wp-content\/uploads\/2026\/01\/Morse-Long-croquis-1-front-img20251211_11374780-1.png 780w, https:\/\/danilaf.com\/wp-content\/uploads\/2026\/01\/Morse-Long-croquis-1-front-img20251211_11374780-1.png 360w\" sizes=\"auto, (max-width: 480px) 150px\" src=\"https:\/\/danilaf.com\/wp-content\/uploads\/2026\/01\/Morse-Long-croquis-1-front-img20251211_11374780-1.png\" alt=\"morse long croquis 1 front img20251211 11374780 1\" class=\"uag-image-847\" width=\"708\" height=\"627\" title=\"morse long croquis 1 front img20251211 11374780 1\" loading=\"lazy\" role=\"img\"\/><\/figure><\/div>\n<\/div>\n<\/div><\/div>\n\n\n\n<div class=\"wp-block-uagb-container uagb-block-03daffa8 alignfull uagb-is-root-container\"><div class=\"uagb-container-inner-blocks-wrap\">\n<div class=\"wp-block-uagb-info-box uagb-block-3625f0bd uagb-infobox__content-wrap  uagb-infobox-icon-above-title uagb-infobox-image-valign-top\"><div class=\"uagb-ifb-content\"><div class=\"uagb-ifb-title-wrap\"><h6 class=\"uagb-ifb-title-prefix\">Collier slide<\/h6><h2 class=\"uagb-ifb-title\">A <strong>jewel,<\/strong> <br><strong>Une infinit\u00e9 de Possibilit\u00e9s<\/strong><\/h2><\/div><p class=\"uagb-ifb-desc\">Plus qu\u2019un simple bijou, le <strong><a href=\"https:\/\/danilaf.com\/en\/creation\/creative-slide-necklace\/\" title=\"D\u00e9couvrez le collier Creative Slide\"><mark style=\"background-color:rgba(0, 0, 0, 0)\" class=\"has-inline-color has-ast-global-color-1-color\">collier Creative Slide<\/mark><\/a> <\/strong>est une d\u00e9claration de style tout en finesse. Gr\u00e2ce \u00e0 ses <strong>perles glissantes<\/strong>, il s\u2019ajuste en un geste et se porte <strong>devant ou dans le dos<\/strong> : <strong>ras du cou<\/strong> pour une allure chic et minimaliste, ou <strong>en sautoir<\/strong> pour une ligne longue, \u00e9l\u00e9gante.<br>Chaque pi\u00e8ce est <strong>personnalisable<\/strong> : choisissez vos <strong>perles en h\u00e9matite<\/strong> (formes au choix : croix, barre, \u00e9toile, c\u0153ur, carr\u00e9\u2026) et la couleur de leur <strong>finition brillante<\/strong> (argent\u00e9e, dor\u00e9e, bleu \u00e9lectrique\u2026), puis associez-les \u00e0 un <strong>fil<\/strong> dans la couleur qui vous ressemble (noir, gris, blanc, nude, rouge, bleu, rose\u2026). Sobri\u00e9t\u00e9, \u00e9clat, intention \u2014 un collier pens\u00e9 pour suivre vos envies, du quotidien aux grandes occasions.<\/p><div class=\"uagb-ifb-button-wrapper wp-block-button\"><a href=\"https:\/\/danilaf.com\/en\/product\/slide-necklace\/\" class=\"uagb-infobox-cta-link wp-block-button__link\" target=\"_self\" rel=\"noopener noreferrer\" onclick=\"return true;\"><svg xmlns=\"https:\/\/www.w3.org\/2000\/svg\" viewbox=\"0 0 512 512\"><path d=\"M504.3 273.6l-112.1 104c-6.992 6.484-17.18 8.218-25.94 4.406c-8.758-3.812-14.42-12.45-14.42-21.1L351.9 288H32C14.33 288 .0002 273.7 .0002 255.1S14.33 224 32 224h319.9l0-72c0-9.547 5.66-18.19 14.42-22c8.754-3.809 18.95-2.075 25.94 4.41l112.1 104C514.6 247.9 514.6 264.1 504.3 273.6z\"><\/path><\/svg><span class=\"uagb-inline-editing\">Cr\u00e9ez le v\u00f4tre <\/span><\/a><\/div><\/div><\/div>\n<\/div><\/div>\n\n\n\n<div class=\"wp-block-uagb-container uagb-block-69834447 alignfull uagb-is-root-container\"><div class=\"uagb-container-inner-blocks-wrap\">\n<div class=\"wp-block-group is-content-justification-center is-nowrap is-layout-flex wp-container-core-group-is-layout-23441af8 wp-block-group-is-layout-flex\">\n<div class=\"wp-block-uagb-image aligncenter uagb-block-f153f318 wp-block-uagb-image--layout-default wp-block-uagb-image--effect-static wp-block-uagb-image--align-center\"><figure class=\"wp-block-uagb-image__figure\"><img decoding=\"async\" srcset=\"https:\/\/danilaf.com\/wp-content\/uploads\/2026\/01\/Collier-slide-TEXTE-FR-croquis-img20251230_19333247-1-1024x613.jpg ,https:\/\/danilaf.com\/wp-content\/uploads\/2026\/01\/Collier-slide-TEXTE-FR-croquis-img20251230_19333247-1.jpg 780w, https:\/\/danilaf.com\/wp-content\/uploads\/2026\/01\/Collier-slide-TEXTE-FR-croquis-img20251230_19333247-1.jpg 360w\" sizes=\"auto, (max-width: 480px) 150px\" src=\"https:\/\/danilaf.com\/wp-content\/uploads\/2026\/01\/Collier-slide-TEXTE-FR-croquis-img20251230_19333247-1-1024x613.jpg\" alt=\"collier slide texte fr &amp; croquis img20251230 19333247 (1)\" class=\"uag-image-849\" width=\"708\" height=\"627\" title=\"collier slide texte fr &amp; croquis img20251230 19333247 (1)\" loading=\"lazy\" role=\"img\"\/><\/figure><\/div>\n<\/div>\n<\/div><\/div>\n\n\n\n<div class=\"wp-block-uagb-container uagb-block-0fc91953 alignfull uagb-is-root-container\"><div class=\"uagb-container-inner-blocks-wrap\">\n<div class=\"wp-block-uagb-container uagb-block-15658d67\">\n<div class=\"wp-block-uagb-info-box uagb-block-054f4b26 uagb-infobox__content-wrap  uagb-infobox-icon-above-title uagb-infobox-image-valign-top\"><div class=\"uagb-ifb-content\"><div class=\"uagb-ifb-title-wrap\"><\/div><p class=\"uagb-ifb-desc\"><img loading=\"lazy\" decoding=\"async\" srcset=\"https:\/\/danilaf.com\/wp-content\/uploads\/2026\/01\/collier-slide-front-TITRE-img20251211_11383722-1-300x61.png ,https:\/\/danilaf.com\/wp-content\/uploads\/2026\/01\/collier-slide-front-TITRE-img20251211_11383722-1.png 780w, https:\/\/danilaf.com\/wp-content\/uploads\/2026\/01\/collier-slide-front-TITRE-img20251211_11383722-1.png 360w\" width=\"265\" height=\"40\" src=\"https:\/\/danilaf.com\/wp-content\/uploads\/2026\/01\/collier-slide-front-TITRE-img20251211_11383722-1-300x61.png\" alt=\"collier slide front titre img20251211 11383722 1\" title=\"Rituals\"><\/p><\/div><\/div>\n\n\n\n<div class=\"wp-block-uagb-info-box uagb-block-cfcaaea3 uagb-infobox__content-wrap  uagb-infobox-icon-above-title uagb-infobox-image-valign-top\"><div class=\"uagb-ifb-content\"><div class=\"uagb-ifb-title-wrap\"><\/div><p class=\"uagb-ifb-desc\"><img loading=\"lazy\" decoding=\"async\" srcset=\"https:\/\/danilaf.com\/wp-content\/uploads\/2026\/01\/collier-slide-back-TITRE-img20251211_11383722-1.png ,https:\/\/danilaf.com\/wp-content\/uploads\/2026\/01\/collier-slide-back-TITRE-img20251211_11383722-1.png 780w, https:\/\/danilaf.com\/wp-content\/uploads\/2026\/01\/collier-slide-back-TITRE-img20251211_11383722-1.png 360w\" width=\"601\" height=\"33\" src=\"https:\/\/danilaf.com\/wp-content\/uploads\/2026\/01\/collier-slide-back-TITRE-img20251211_11383722-1.png\" alt=\"collier slide back titre img20251211 11383722 1\" title=\"Rituals\"><\/p><\/div><\/div>\n<\/div>\n\n\n\n<div class=\"wp-block-uagb-container uagb-block-46a4655e\">\n<div class=\"wp-block-uagb-info-box uagb-block-ec8dba9c uagb-infobox__content-wrap  uagb-infobox-icon-above-title uagb-infobox-image-valign-top\"><div class=\"uagb-ifb-content\"><div class=\"uagb-ifb-title-wrap\"><\/div><p class=\"uagb-ifb-desc\"><img loading=\"lazy\" decoding=\"async\" srcset=\"https:\/\/danilaf.com\/wp-content\/uploads\/2026\/01\/collier-slide-front-croquis-1-seul-img20251211_11383722-1.png ,https:\/\/danilaf.com\/wp-content\/uploads\/2026\/01\/collier-slide-front-croquis-1-seul-img20251211_11383722-1.png 780w, https:\/\/danilaf.com\/wp-content\/uploads\/2026\/01\/collier-slide-front-croquis-1-seul-img20251211_11383722-1.png 360w\" width=\"708\" height=\"627\" src=\"https:\/\/danilaf.com\/wp-content\/uploads\/2026\/01\/collier-slide-front-croquis-1-seul-img20251211_11383722-1.png\" alt=\"collier slide front croquis 1 seul img20251211 11383722 1\" title=\"Rituals\"><\/p><\/div><\/div>\n\n\n\n<div class=\"wp-block-uagb-info-box uagb-block-f4edcf29 uagb-infobox__content-wrap  uagb-infobox-icon-above-title uagb-infobox-image-valign-top\"><div class=\"uagb-ifb-content\"><div class=\"uagb-ifb-title-wrap\"><\/div><p class=\"uagb-ifb-desc\"><img loading=\"lazy\" decoding=\"async\" srcset=\"https:\/\/danilaf.com\/wp-content\/uploads\/2026\/01\/collier-slide-back-croquis-2-img20251211_11383722-1.png ,https:\/\/danilaf.com\/wp-content\/uploads\/2026\/01\/collier-slide-back-croquis-2-img20251211_11383722-1.png 780w, https:\/\/danilaf.com\/wp-content\/uploads\/2026\/01\/collier-slide-back-croquis-2-img20251211_11383722-1.png 360w\" width=\"708\" height=\"627\" src=\"https:\/\/danilaf.com\/wp-content\/uploads\/2026\/01\/collier-slide-back-croquis-2-img20251211_11383722-1.png\" alt=\"collier slide back croquis 2 img20251211 11383722 1\" title=\"Rituals\"><\/p><\/div><\/div>\n<\/div>\n<\/div><\/div>\n\n\n\n<div class=\"wp-block-uagb-container uagb-block-44919074 alignfull uagb-is-root-container\"><div class=\"uagb-container-inner-blocks-wrap\">\n<div class=\"wp-block-uagb-info-box uagb-block-92fe180d uagb-infobox__content-wrap  uagb-infobox-icon-above-title uagb-infobox-image-valign-top\"><div class=\"uagb-ifb-content\"><div class=\"uagb-ifb-title-wrap\"><h6 class=\"uagb-ifb-title-prefix\">One Over The Other<\/h6><h2 class=\"uagb-ifb-title\">Deux extr\u00e9mit\u00e9s,<br>un noeud, <br>un rituel<\/h2><\/div><p class=\"uagb-ifb-desc\"><strong>Un fil, ses deux extr\u00e9mit\u00e9s, orn\u00e9es de perles au choix, et un n\u0153ud \u00e0 faire comme rituel transformatif.<\/strong><br>Le One Over the Other se construit sur un geste simple : nouer, glisser, ajuster.<br>Un collier qui se cr\u00e9e du bout des doigts, en un geste ; <br>nouer pour renforcer&#8230; devient <strong>une routine symbolique<\/strong>.<\/p><\/div><\/div>\n<\/div><\/div>\n\n\n\n<div class=\"wp-block-uagb-container uagb-block-9f4d6e2c alignfull uagb-is-root-container\"><div class=\"uagb-container-inner-blocks-wrap\">\n<div class=\"wp-block-group is-content-justification-center is-nowrap is-layout-flex wp-container-core-group-is-layout-23441af8 wp-block-group-is-layout-flex\">\n<div class=\"wp-block-uagb-image aligncenter uagb-block-08d7d3aa wp-block-uagb-image--layout-default wp-block-uagb-image--effect-static wp-block-uagb-image--align-center\"><figure class=\"wp-block-uagb-image__figure\"><img decoding=\"async\" srcset=\"https:\/\/danilaf.com\/wp-content\/uploads\/2026\/01\/collier-one-over-TITRE-img20251211_11383722-1.png ,https:\/\/danilaf.com\/wp-content\/uploads\/2026\/01\/collier-one-over-TITRE-img20251211_11383722-1.png 780w, https:\/\/danilaf.com\/wp-content\/uploads\/2026\/01\/collier-one-over-TITRE-img20251211_11383722-1.png 360w\" sizes=\"auto, (max-width: 480px) 150px\" src=\"https:\/\/danilaf.com\/wp-content\/uploads\/2026\/01\/collier-one-over-TITRE-img20251211_11383722-1.png\" alt=\"collier one over titre img20251211 11383722 1\" class=\"uag-image-856\" width=\"388\" height=\"40\" title=\"collier one over titre img20251211 11383722 1\" loading=\"lazy\" role=\"img\"\/><\/figure><\/div>\n<\/div>\n\n\n\n<div class=\"wp-block-group is-content-justification-center is-nowrap is-layout-flex wp-container-core-group-is-layout-23441af8 wp-block-group-is-layout-flex\">\n<div class=\"wp-block-uagb-image aligncenter uagb-block-6a6c5d6e wp-block-uagb-image--layout-default wp-block-uagb-image--effect-static wp-block-uagb-image--align-center\"><figure class=\"wp-block-uagb-image__figure\"><img decoding=\"async\" srcset=\"https:\/\/danilaf.com\/wp-content\/uploads\/2026\/01\/collier-One-over-the-other-texte-FR-img20251214_17382992-1-1024x690.png ,https:\/\/danilaf.com\/wp-content\/uploads\/2026\/01\/collier-One-over-the-other-texte-FR-img20251214_17382992-1.png 780w, https:\/\/danilaf.com\/wp-content\/uploads\/2026\/01\/collier-One-over-the-other-texte-FR-img20251214_17382992-1.png 360w\" sizes=\"auto, (max-width: 480px) 150px\" src=\"https:\/\/danilaf.com\/wp-content\/uploads\/2026\/01\/collier-One-over-the-other-texte-FR-img20251214_17382992-1-1024x690.png\" alt=\"collier one over the other texte fr img20251214 17382992 1\" class=\"uag-image-859\" width=\"708\" height=\"627\" title=\"collier one over the other texte fr img20251214 17382992 1\" loading=\"lazy\" role=\"img\"\/><\/figure><\/div>\n<\/div>\n\n\n\n<div class=\"wp-block-uagb-container uagb-block-e598fef2 alignfull uagb-is-root-container\"><div class=\"uagb-container-inner-blocks-wrap\">\n<div class=\"wp-block-uagb-image aligncenter uagb-block-c51c4f9b wp-block-uagb-image--layout-default wp-block-uagb-image--effect-static wp-block-uagb-image--align-center\"><figure class=\"wp-block-uagb-image__figure\"><img decoding=\"async\" srcset=\"https:\/\/danilaf.com\/wp-content\/uploads\/2026\/01\/Collier-One-Over-Croquis-back.png ,https:\/\/danilaf.com\/wp-content\/uploads\/2026\/01\/Collier-One-Over-Croquis-back.png 780w, https:\/\/danilaf.com\/wp-content\/uploads\/2026\/01\/Collier-One-Over-Croquis-back.png 360w\" sizes=\"auto, (max-width: 480px) 150px\" src=\"https:\/\/danilaf.com\/wp-content\/uploads\/2026\/01\/Collier-One-Over-Croquis-back.png\" alt=\"collier one over croquis back\" class=\"uag-image-857\" width=\"322\" height=\"388\" title=\"collier one over croquis back\" loading=\"lazy\" role=\"img\"\/><\/figure><\/div>\n\n\n\n<div class=\"wp-block-uagb-image aligncenter uagb-block-2a838174 wp-block-uagb-image--layout-default wp-block-uagb-image--effect-static wp-block-uagb-image--align-center\"><figure class=\"wp-block-uagb-image__figure\"><img decoding=\"async\" srcset=\"https:\/\/danilaf.com\/wp-content\/uploads\/2026\/01\/Collier-One-Over-Croquis-front.png ,https:\/\/danilaf.com\/wp-content\/uploads\/2026\/01\/Collier-One-Over-Croquis-front.png 780w, https:\/\/danilaf.com\/wp-content\/uploads\/2026\/01\/Collier-One-Over-Croquis-front.png 360w\" sizes=\"auto, (max-width: 480px) 150px\" src=\"https:\/\/danilaf.com\/wp-content\/uploads\/2026\/01\/Collier-One-Over-Croquis-front.png\" alt=\"collier one over croquis front\" class=\"uag-image-858\" width=\"304\" height=\"399\" title=\"collier one over croquis front\" loading=\"lazy\" role=\"img\"\/><\/figure><\/div>\n<\/div><\/div>\n<\/div><\/div>\n\n\n\n<div class=\"wp-block-uagb-container uagb-block-ccc4e980 alignfull uagb-is-root-container\"><div class=\"uagb-container-inner-blocks-wrap\">\n<div class=\"wp-block-uagb-container uagb-block-9aa8d9e0\">\n<div class=\"wp-block-uagb-info-box uagb-block-d1091790 uagb-infobox__content-wrap  uagb-infobox-icon-above-title uagb-infobox-image-valign-top\"><div class=\"uagb-ifb-content\"><div class=\"uagb-ifb-title-wrap\"><h6 class=\"uagb-ifb-title-prefix\">Explore yourself<\/h6><h2 class=\"uagb-ifb-title\">R\u00e9v\u00e9lez votre force douce, affirmez votre \u00e9l\u00e9gance rebelle.<\/h2><\/div><p class=\"uagb-ifb-desc\">D\u00e9couvrez nos cr\u00e9ations et laissez-vous guider par <br>l&rsquo;appel d&rsquo;une pi\u00e8ce qui parle \u00e0 votre histoire.<br>Chaque bijou porte une intention. La v\u00f4tre.<\/p><\/div><\/div>\n\n\n\n<div class=\"wp-block-uagb-buttons uagb-buttons__outer-wrap uagb-btn__default-btn uagb-btn-tablet__default-btn uagb-btn-mobile__default-btn uagb-block-181e40e0\"><div class=\"uagb-buttons__wrap uagb-buttons-layout-wrap\">\n<div class=\"wp-block-uagb-buttons-child uagb-buttons__outer-wrap uagb-block-4687be33 wp-block-button\"><div class=\"uagb-button__wrapper\"><a class=\"uagb-buttons-repeater ast-outline-button\" aria-label=\"\" style=\"border-width:revert-layer\" href=\"#\" rel=\"follow noopener\" target=\"_self\" role=\"button\"><div class=\"uagb-button__link\">Discover the jewels<\/div><\/a><\/div><\/div>\n<\/div><\/div>\n<\/div>\n<\/div><\/div>","protected":false},"excerpt":{"rendered":"<p>Comment porter les bijoux Danila f.<\/p>","protected":false},"author":1,"featured_media":1074,"parent":0,"menu_order":0,"comment_status":"closed","ping_status":"closed","template":"","meta":{"_uag_custom_page_level_css":"","_monsterinsights_skip_tracking":false,"_monsterinsights_sitenote_active":false,"_monsterinsights_sitenote_note":"","_monsterinsights_sitenote_category":0,"site-sidebar-layout":"default","site-content-layout":"","ast-site-content-layout":"default","site-content-style":"default","site-sidebar-style":"default","ast-global-header-display":"","ast-banner-title-visibility":"","ast-main-header-display":"","ast-hfb-above-header-display":"","ast-hfb-below-header-display":"","ast-hfb-mobile-header-display":"","site-post-title":"disabled","ast-breadcrumbs-content":"","ast-featured-img":"disabled","footer-sml-layout":"","ast-disable-related-posts":"","theme-transparent-header-meta":"","adv-header-id-meta":"","stick-header-meta":"","header-above-stick-meta":"","header-main-stick-meta":"","header-below-stick-meta":"","astra-migrate-meta-layouts":"default","ast-page-background-enabled":"default","ast-page-background-meta":{"desktop":{"background-color":"var(--ast-global-color-4)","background-image":"","background-repeat":"repeat","background-position":"center center","background-size":"auto","background-attachment":"scroll","background-type":"","background-media":"","overlay-type":"","overlay-color":"","overlay-opacity":"","overlay-gradient":""},"tablet":{"background-color":"","background-image":"","background-repeat":"repeat","background-position":"center center","background-size":"auto","background-attachment":"scroll","background-type":"","background-media":"","overlay-type":"","overlay-color":"","overlay-opacity":"","overlay-gradient":""},"mobile":{"background-color":"","background-image":"","background-repeat":"repeat","background-position":"center center","background-size":"auto","background-attachment":"scroll","background-type":"","background-media":"","overlay-type":"","overlay-color":"","overlay-opacity":"","overlay-gradient":""}},"ast-content-background-meta":{"desktop":{"background-color":"var(--ast-global-color-5)","background-image":"","background-repeat":"repeat","background-position":"center center","background-size":"auto","background-attachment":"scroll","background-type":"","background-media":"","overlay-type":"","overlay-color":"","overlay-opacity":"","overlay-gradient":""},"tablet":{"background-color":"var(--ast-global-color-5)","background-image":"","background-repeat":"repeat","background-position":"center center","background-size":"auto","background-attachment":"scroll","background-type":"","background-media":"","overlay-type":"","overlay-color":"","overlay-opacity":"","overlay-gradient":""},"mobile":{"background-color":"var(--ast-global-color-5)","background-image":"","background-repeat":"repeat","background-position":"center center","background-size":"auto","background-attachment":"scroll","background-type":"","background-media":"","overlay-type":"","overlay-color":"","overlay-opacity":"","overlay-gradient":""}},"footnotes":""},"class_list":["post-846","page","type-page","status-publish","has-post-thumbnail","hentry"],"aioseo_notices":[],"_hostinger_reach_plugin_has_subscription_block":false,"_hostinger_reach_plugin_is_elementor":false,"uagb_featured_image_src":{"full":["https:\/\/danilaf.com\/wp-content\/uploads\/2026\/01\/perle-plus-slide-morse-scaled.jpg",2560,1707,false],"thumbnail":["https:\/\/danilaf.com\/wp-content\/uploads\/2026\/01\/perle-plus-slide-morse-150x150.jpg",150,150,true],"medium":["https:\/\/danilaf.com\/wp-content\/uploads\/2026\/01\/perle-plus-slide-morse-300x200.jpg",300,200,true],"medium_large":["https:\/\/danilaf.com\/wp-content\/uploads\/2026\/01\/perle-plus-slide-morse-768x512.jpg",768,512,true],"large":["https:\/\/danilaf.com\/wp-content\/uploads\/2026\/01\/perle-plus-slide-morse-1024x683.jpg",1024,683,true],"1536x1536":["https:\/\/danilaf.com\/wp-content\/uploads\/2026\/01\/perle-plus-slide-morse-1536x1024.jpg",1536,1024,true],"2048x2048":["https:\/\/danilaf.com\/wp-content\/uploads\/2026\/01\/perle-plus-slide-morse-2048x1365.jpg",2048,1365,true],"trp-custom-language-flag":["https:\/\/danilaf.com\/wp-content\/uploads\/2026\/01\/perle-plus-slide-morse-scaled.jpg",18,12,false],"woocommerce_thumbnail":["https:\/\/danilaf.com\/wp-content\/uploads\/2026\/01\/perle-plus-slide-morse-300x300.jpg",300,300,true],"woocommerce_single":["https:\/\/danilaf.com\/wp-content\/uploads\/2026\/01\/perle-plus-slide-morse-600x400.jpg",600,400,true],"woocommerce_gallery_thumbnail":["https:\/\/danilaf.com\/wp-content\/uploads\/2026\/01\/perle-plus-slide-morse-100x100.jpg",100,100,true]},"uagb_author_info":{"display_name":"Danila f.","author_link":"https:\/\/danilaf.com\/en\/author\/danila-fatovicgmail-com\/"},"uagb_comment_info":0,"uagb_excerpt":"Comment porter les bijoux Danila f.","_links":{"self":[{"href":"https:\/\/danilaf.com\/en\/wp-json\/wp\/v2\/pages\/846","targetHints":{"allow":["GET"]}}],"collection":[{"href":"https:\/\/danilaf.com\/en\/wp-json\/wp\/v2\/pages"}],"about":[{"href":"https:\/\/danilaf.com\/en\/wp-json\/wp\/v2\/types\/page"}],"author":[{"embeddable":true,"href":"https:\/\/danilaf.com\/en\/wp-json\/wp\/v2\/users\/1"}],"replies":[{"embeddable":true,"href":"https:\/\/danilaf.com\/en\/wp-json\/wp\/v2\/comments?post=846"}],"version-history":[{"count":13,"href":"https:\/\/danilaf.com\/en\/wp-json\/wp\/v2\/pages\/846\/revisions"}],"predecessor-version":[{"id":1355,"href":"https:\/\/danilaf.com\/en\/wp-json\/wp\/v2\/pages\/846\/revisions\/1355"}],"wp:featuredmedia":[{"embeddable":true,"href":"https:\/\/danilaf.com\/en\/wp-json\/wp\/v2\/media\/1074"}],"wp:attachment":[{"href":"https:\/\/danilaf.com\/en\/wp-json\/wp\/v2\/media?parent=846"}],"curies":[{"name":"wp","href":"https:\/\/api.w.org\/{rel}","templated":true}]}}