{"id":1048,"date":"2026-01-01T00:00:45","date_gmt":"2025-12-31T23:00:45","guid":{"rendered":"https:\/\/danilaf.com\/?post_type=product&#038;p=1048"},"modified":"2026-01-30T13:08:12","modified_gmt":"2026-01-30T12:08:12","slug":"collier-morse-court-i-%f0%9f%a4%8e","status":"publish","type":"product","link":"https:\/\/danilaf.com\/en\/creation\/collier-morse-court-i-%f0%9f%a4%8e\/","title":{"rendered":"Necklace - I \ud83e\udd0e Morse - Short"},"content":{"rendered":"<p><b>Composition :<\/b><\/p>\n<ul>\n<li style=\"font-weight: 400;\" aria-level=\"1\"><span style=\"font-weight: 400;\">Fil de jade authentique (coloris au choix)<\/span><\/li>\n<li style=\"font-weight: 400;\" aria-level=\"1\"><span style=\"font-weight: 400;\">Le message \u00ab\u00a0<strong>I Love + le mot ou nom de votre choix<\/strong>\u00a0\u00bb encod\u00e9 en morse et avec un coeur en perles (couleur au choix)<\/span><\/li>\n<li style=\"font-weight: 400;\" aria-level=\"1\"><span style=\"font-weight: 400;\">Length: choker to collarbone<\/span><\/li>\n<\/ul>\n<p><b>Personnalisation :<\/b><b><br \/>\n<\/b><span style=\"font-weight: 400;\"> Choisissez votre teinte de jade et la couleurs des perles en h\u00e9matite pour l&rsquo;harmoniser avec votre style.<br \/>\nCe bijou devient une pi\u00e8ce unique qui r\u00e9sonne avec votre joie de vivre et d&rsquo;aimer. Sans avoir \u00e0 dire mot.\u00a0<\/span><\/p>\n<p><span style=\"font-weight: 400;\">Un message d&rsquo;Amour. De vie.<\/span><span style=\"font-weight: 400;\"><br \/>\n<\/span><span style=\"font-weight: 400;\">A talisman you never leave home without. <\/span><span style=\"font-weight: 400;\"><br \/>\n<\/span><span style=\"font-weight: 400;\">An invisible power worn against your skin.<\/span><\/p>\n<p><i><span style=\"font-weight: 400;\">D\u00e9lai 7-10 jours \u2022 Personnalisable \u2022 Cr\u00e9ation artisanale<\/span><\/i><\/p>","protected":false},"excerpt":{"rendered":"<h3><span style=\"font-weight: 400;\">Votre intention \u00ab\u00a0I \ud83e\udd0e &#8230;\u00a0\u00bb<br \/>\nat the nape of your neck.<\/span><\/h3>\n<p><span style=\"font-weight: 400;\">Court. Discret. Puissant. Ce collier porte l&rsquo;Amour exactement l\u00e0 o\u00f9 vous en avez besoin : \u00e0 hauteur de souffle, pour l&rsquo;exprimer sans dire un mot.<\/span><\/p>\n<p><b>The concept:<\/b><b><br \/>\n<\/b><span style=\"font-weight: 400;\"> Un mot-pouvoir, une intention, un nom qui d\u00e9finit votre Amour en ce moment de votre vie. Nous le nouons en morse le long d&rsquo;un fil de jade color\u00e9, pour qu&rsquo;il r\u00e9sonne \u00e0 chaque instant avec et en vous.<br \/>\n<\/span><span style=\"font-weight: 400;\">\u00ab I \ud83e\udd0e You \u00bb or \u00ab I \ud83e\udd0e Me \u00bb ? Pour se g\u00e2ter ou \u00e0 offrir ?<br \/>\n\u00ab I \ud83e\udd0e Animals \u00bb ou \u00ab I \ud83e\udd0e Meat \u00bb ? Ou une autre intention ?<br \/>\n\u00ab I \ud83e\udd0e This \u00bb or \u00ab I \ud83e\udd0e That \u00bb ? Or \u00ab I \ud83e\udd0e Everything \u00bb ?<br \/>\nQu&rsquo;importe votre choix \u00ab I \ud83e\udd0e Earth \u00bb, \u00ab I \ud83e\udd0e Humans \u00bb &amp; \u00ab I \ud83e\udd0e Life \u00bb<\/span><\/p>\n<p>Cr\u00e9ez un bijou unique qui vous ressemble et vous exprime !<br \/>\nTout ce qui vous rappelle votre force douce et vous fait avancer aujourd&rsquo;hui. \u00c0 toutes les occasions.<br \/>\nD\u00e9clarez votre amour secret discr\u00e8tement, ou laisser les bijoux Morse crier votre message cod\u00e9 sur les toits\u00a0 !<\/p>\n<p><i style=\"font-weight: inherit;\"><span style=\"font-weight: 400;\">Personnalisable \u2022 Cr\u00e9ation artisanale<\/span><\/i><\/p>","protected":false},"featured_media":1034,"comment_status":"open","ping_status":"closed","template":"","meta":{"_uag_custom_page_level_css":"","_monsterinsights_skip_tracking":false,"_monsterinsights_sitenote_active":false,"_monsterinsights_sitenote_note":"","_monsterinsights_sitenote_category":0,"site-sidebar-layout":"default","site-content-layout":"","ast-site-content-layout":"default","site-content-style":"default","site-sidebar-style":"default","ast-global-header-display":"","ast-banner-title-visibility":"","ast-main-header-display":"","ast-hfb-above-header-display":"","ast-hfb-below-header-display":"","ast-hfb-mobile-header-display":"","site-post-title":"","ast-breadcrumbs-content":"","ast-featured-img":"","footer-sml-layout":"","ast-disable-related-posts":"","theme-transparent-header-meta":"default","adv-header-id-meta":"","stick-header-meta":"","header-above-stick-meta":"","header-main-stick-meta":"","header-below-stick-meta":"","astra-migrate-meta-layouts":"set","ast-page-background-enabled":"default","ast-page-background-meta":{"desktop":{"background-color":"var(--ast-global-color-4)","background-image":"","background-repeat":"repeat","background-position":"center center","background-size":"auto","background-attachment":"scroll","background-type":"","background-media":"","overlay-type":"","overlay-color":"","overlay-opacity":"","overlay-gradient":""},"tablet":{"background-color":"","background-image":"","background-repeat":"repeat","background-position":"center center","background-size":"auto","background-attachment":"scroll","background-type":"","background-media":"","overlay-type":"","overlay-color":"","overlay-opacity":"","overlay-gradient":""},"mobile":{"background-color":"","background-image":"","background-repeat":"repeat","background-position":"center center","background-size":"auto","background-attachment":"scroll","background-type":"","background-media":"","overlay-type":"","overlay-color":"","overlay-opacity":"","overlay-gradient":""}},"ast-content-background-meta":{"desktop":{"background-color":"var(--ast-global-color-5)","background-image":"","background-repeat":"repeat","background-position":"center center","background-size":"auto","background-attachment":"scroll","background-type":"","background-media":"","overlay-type":"","overlay-color":"","overlay-opacity":"","overlay-gradient":""},"tablet":{"background-color":"var(--ast-global-color-5)","background-image":"","background-repeat":"repeat","background-position":"center center","background-size":"auto","background-attachment":"scroll","background-type":"","background-media":"","overlay-type":"","overlay-color":"","overlay-opacity":"","overlay-gradient":""},"mobile":{"background-color":"var(--ast-global-color-5)","background-image":"","background-repeat":"repeat","background-position":"center center","background-size":"auto","background-attachment":"scroll","background-type":"","background-media":"","overlay-type":"","overlay-color":"","overlay-opacity":"","overlay-gradient":""}}},"product_brand":[134],"product_cat":[53,62],"product_tag":[83,81,82,169],"class_list":{"0":"post-1048","1":"product","2":"type-product","3":"status-publish","4":"has-post-thumbnail","6":"product_brand-morse-collection","7":"product_cat-collection-morse","8":"product_cat-colliers","9":"product_tag-code-secret","10":"product_tag-collier","11":"product_tag-morse","12":"product_tag-personnalisable","13":"product_shipping_class-llp-100-g-xs","14":"desktop-align-center","15":"tablet-align-center","16":"mobile-align-center","18":"first","19":"instock","20":"featured","21":"shipping-taxable","22":"purchasable","23":"product-type-variable"},"aioseo_notices":[],"uagb_featured_image_src":{"full":["https:\/\/danilaf.com\/wp-content\/uploads\/2026\/01\/Collier-N14-13-scaled.jpg",2560,1439,false],"thumbnail":["https:\/\/danilaf.com\/wp-content\/uploads\/2026\/01\/Collier-N14-13-150x150.jpg",150,150,true],"medium":["https:\/\/danilaf.com\/wp-content\/uploads\/2026\/01\/Collier-N14-13-300x169.jpg",300,169,true],"medium_large":["https:\/\/danilaf.com\/wp-content\/uploads\/2026\/01\/Collier-N14-13-768x432.jpg",768,432,true],"large":["https:\/\/danilaf.com\/wp-content\/uploads\/2026\/01\/Collier-N14-13-1024x576.jpg",1024,576,true],"1536x1536":["https:\/\/danilaf.com\/wp-content\/uploads\/2026\/01\/Collier-N14-13-1536x864.jpg",1536,864,true],"2048x2048":["https:\/\/danilaf.com\/wp-content\/uploads\/2026\/01\/Collier-N14-13-2048x1152.jpg",2048,1152,true],"trp-custom-language-flag":["https:\/\/danilaf.com\/wp-content\/uploads\/2026\/01\/Collier-N14-13-scaled.jpg",18,10,false],"woocommerce_thumbnail":["https:\/\/danilaf.com\/wp-content\/uploads\/2026\/01\/Collier-N14-13-300x300.jpg",300,300,true],"woocommerce_single":["https:\/\/danilaf.com\/wp-content\/uploads\/2026\/01\/Collier-N14-13-600x337.jpg",600,337,true],"woocommerce_gallery_thumbnail":["https:\/\/danilaf.com\/wp-content\/uploads\/2026\/01\/Collier-N14-13-100x100.jpg",100,100,true]},"uagb_author_info":{"display_name":"Danila f.","author_link":"https:\/\/danilaf.com\/en\/author\/"},"uagb_comment_info":0,"uagb_excerpt":"Votre intention \"I \ud83e\udd0e ...\" au creux du cou. Court. Discret. Puissant. Ce collier porte l'Amour exactement l\u00e0 o\u00f9 vous en avez besoin : \u00e0 hauteur de souffle, pour l'exprimer sans dire un mot. Le concept : Un mot-pouvoir, une intention, un nom qui d\u00e9finit votre Amour en ce moment de votre vie. Nous le&hellip;","_links":{"self":[{"href":"https:\/\/danilaf.com\/en\/wp-json\/wp\/v2\/product\/1048","targetHints":{"allow":["GET"]}}],"collection":[{"href":"https:\/\/danilaf.com\/en\/wp-json\/wp\/v2\/product"}],"about":[{"href":"https:\/\/danilaf.com\/en\/wp-json\/wp\/v2\/types\/product"}],"replies":[{"embeddable":true,"href":"https:\/\/danilaf.com\/en\/wp-json\/wp\/v2\/comments?post=1048"}],"wp:featuredmedia":[{"embeddable":true,"href":"https:\/\/danilaf.com\/en\/wp-json\/wp\/v2\/media\/1034"}],"wp:attachment":[{"href":"https:\/\/danilaf.com\/en\/wp-json\/wp\/v2\/media?parent=1048"}],"wp:term":[{"taxonomy":"product_brand","embeddable":true,"href":"https:\/\/danilaf.com\/en\/wp-json\/wp\/v2\/product_brand?post=1048"},{"taxonomy":"product_cat","embeddable":true,"href":"https:\/\/danilaf.com\/en\/wp-json\/wp\/v2\/product_cat?post=1048"},{"taxonomy":"product_tag","embeddable":true,"href":"https:\/\/danilaf.com\/en\/wp-json\/wp\/v2\/product_tag?post=1048"}],"curies":[{"name":"wp","href":"https:\/\/api.w.org\/{rel}","templated":true}]}}