{"id":1052,"date":"2026-01-01T00:00:55","date_gmt":"2025-12-31T23:00:55","guid":{"rendered":"https:\/\/danilaf.com\/?post_type=product&#038;p=1052"},"modified":"2026-02-04T02:23:45","modified_gmt":"2026-02-04T01:23:45","slug":"bracelet-sprinkles","status":"publish","type":"product","link":"https:\/\/danilaf.com\/en\/creation\/bracelet-sprinkles\/","title":{"rendered":"Sprinkles bracelet"},"content":{"rendered":"<h3 data-start=\"1576\" data-end=\"1587\">D\u00e9tails<\/h3>\n<ul data-start=\"1588\" data-end=\"1753\">\n<li data-start=\"1588\" data-end=\"1625\">\n<p data-start=\"1590\" data-end=\"1625\">Fil de p\u00eache en nylon transparent<\/p>\n<\/li>\n<li data-start=\"1588\" data-end=\"1625\">\n<p data-start=\"1590\" data-end=\"1625\"><span style=\"font-size: 16px;\">Petites perles cristal multicolores<\/span><\/p>\n<\/li>\n<li data-start=\"1588\" data-end=\"1625\">\n<p data-start=\"1590\" data-end=\"1625\">Fermoir homard<\/p>\n<\/li>\n<li data-start=\"1588\" data-end=\"1625\">\n<p data-start=\"1590\" data-end=\"1625\">L\u00e9ger et d\u00e9licat<\/p>\n<\/li>\n<\/ul>\n<ul data-start=\"1588\" data-end=\"1753\">\n<li data-start=\"1727\" data-end=\"1753\">\n<p data-start=\"1729\" data-end=\"1753\">Fait main avec attention<\/p>\n<\/li>\n<\/ul>\n<hr data-start=\"1755\" data-end=\"1758\" \/>\n<h3 data-start=\"1760\" data-end=\"1782\">Pourquoi on l\u2019aime<\/h3>\n<ul>\n<li data-start=\"916\" data-end=\"961\">Son effet \u201cseconde peau\u201d, presque invisible<\/li>\n<li data-start=\"964\" data-end=\"1016\">Ses touches de couleur subtiles, jamais excessives<\/li>\n<li data-start=\"1019\" data-end=\"1072\">Parfait en layering avec d\u2019autres bracelets Danila f.<\/li>\n<\/ul>","protected":false},"excerpt":{"rendered":"<h3 data-start=\"268\" data-end=\"321\">Un \u00e9clat l\u00e9ger, comme une joie port\u00e9e au poignet.<\/h3>\n<p data-start=\"323\" data-end=\"525\">Discret et lumineux, le bracelet <strong data-start=\"356\" data-end=\"369\">Sprinkles<\/strong> capte la lumi\u00e8re avec naturel.<br data-start=\"400\" data-end=\"403\" \/>De fines perles de cristal multicolores semblent flotter sur la peau,<br data-start=\"472\" data-end=\"475\" \/>comme des confettis d\u00e9licats, libres et spontan\u00e9s.<\/p>\n<p data-start=\"527\" data-end=\"693\">Pens\u00e9 pour \u00eatre port\u00e9 seul ou en accumulation,<br data-start=\"573\" data-end=\"576\" \/>Sprinkles accompagne les gestes du quotidien sans jamais les alourdir.<br data-start=\"646\" data-end=\"649\" \/>Un bijou simple, joyeux, presque instinctif.<\/p>","protected":false},"featured_media":1099,"comment_status":"open","ping_status":"closed","template":"","meta":{"_uag_custom_page_level_css":"","_monsterinsights_skip_tracking":false,"_monsterinsights_sitenote_active":false,"_monsterinsights_sitenote_note":"","_monsterinsights_sitenote_category":0,"site-sidebar-layout":"default","site-content-layout":"","ast-site-content-layout":"default","site-content-style":"default","site-sidebar-style":"default","ast-global-header-display":"","ast-banner-title-visibility":"","ast-main-header-display":"","ast-hfb-above-header-display":"","ast-hfb-below-header-display":"","ast-hfb-mobile-header-display":"","site-post-title":"","ast-breadcrumbs-content":"","ast-featured-img":"","footer-sml-layout":"","ast-disable-related-posts":"","theme-transparent-header-meta":"default","adv-header-id-meta":"","stick-header-meta":"","header-above-stick-meta":"","header-main-stick-meta":"","header-below-stick-meta":"","astra-migrate-meta-layouts":"set","ast-page-background-enabled":"default","ast-page-background-meta":{"desktop":{"background-color":"var(--ast-global-color-4)","background-image":"","background-repeat":"repeat","background-position":"center center","background-size":"auto","background-attachment":"scroll","background-type":"","background-media":"","overlay-type":"","overlay-color":"","overlay-opacity":"","overlay-gradient":""},"tablet":{"background-color":"","background-image":"","background-repeat":"repeat","background-position":"center center","background-size":"auto","background-attachment":"scroll","background-type":"","background-media":"","overlay-type":"","overlay-color":"","overlay-opacity":"","overlay-gradient":""},"mobile":{"background-color":"","background-image":"","background-repeat":"repeat","background-position":"center center","background-size":"auto","background-attachment":"scroll","background-type":"","background-media":"","overlay-type":"","overlay-color":"","overlay-opacity":"","overlay-gradient":""}},"ast-content-background-meta":{"desktop":{"background-color":"var(--ast-global-color-5)","background-image":"","background-repeat":"repeat","background-position":"center center","background-size":"auto","background-attachment":"scroll","background-type":"","background-media":"","overlay-type":"","overlay-color":"","overlay-opacity":"","overlay-gradient":""},"tablet":{"background-color":"var(--ast-global-color-5)","background-image":"","background-repeat":"repeat","background-position":"center center","background-size":"auto","background-attachment":"scroll","background-type":"","background-media":"","overlay-type":"","overlay-color":"","overlay-opacity":"","overlay-gradient":""},"mobile":{"background-color":"var(--ast-global-color-5)","background-image":"","background-repeat":"repeat","background-position":"center center","background-size":"auto","background-attachment":"scroll","background-type":"","background-media":"","overlay-type":"","overlay-color":"","overlay-opacity":"","overlay-gradient":""}}},"product_brand":[],"product_cat":[61],"product_tag":[98,143],"class_list":{"0":"post-1052","1":"product","2":"type-product","3":"status-publish","4":"has-post-thumbnail","6":"product_cat-bracelets","7":"product_tag-bracelet","8":"product_tag-sprinkles","9":"desktop-align-center","10":"tablet-align-center","11":"mobile-align-center","13":"first","14":"instock","15":"featured","16":"shipping-taxable","17":"purchasable","18":"product-type-variable"},"aioseo_notices":[],"uagb_featured_image_src":{"full":["https:\/\/danilaf.com\/wp-content\/uploads\/2026\/01\/BIJOUX-12-scaled-e1768786007608.jpg",1438,1540,false],"thumbnail":["https:\/\/danilaf.com\/wp-content\/uploads\/2026\/01\/BIJOUX-12-scaled-e1768786007608-150x150.jpg",150,150,true],"medium":["https:\/\/danilaf.com\/wp-content\/uploads\/2026\/01\/BIJOUX-12-scaled-e1768786007608-280x300.jpg",280,300,true],"medium_large":["https:\/\/danilaf.com\/wp-content\/uploads\/2026\/01\/BIJOUX-12-scaled-e1768786007608-768x822.jpg",768,822,true],"large":["https:\/\/danilaf.com\/wp-content\/uploads\/2026\/01\/BIJOUX-12-scaled-e1768786007608-956x1024.jpg",956,1024,true],"1536x1536":["https:\/\/danilaf.com\/wp-content\/uploads\/2026\/01\/BIJOUX-12-scaled-e1768786007608-1434x1536.jpg",1434,1536,true],"2048x2048":["https:\/\/danilaf.com\/wp-content\/uploads\/2026\/01\/BIJOUX-12-1152x2048.jpg",1152,2048,true],"trp-custom-language-flag":["https:\/\/danilaf.com\/wp-content\/uploads\/2026\/01\/BIJOUX-12-scaled-e1768786007608.jpg",11,12,false],"woocommerce_thumbnail":["https:\/\/danilaf.com\/wp-content\/uploads\/2026\/01\/BIJOUX-12-scaled-e1768786007608-300x300.jpg",300,300,true],"woocommerce_single":["https:\/\/danilaf.com\/wp-content\/uploads\/2026\/01\/BIJOUX-12-scaled-e1768786007608-600x643.jpg",600,643,true],"woocommerce_gallery_thumbnail":["https:\/\/danilaf.com\/wp-content\/uploads\/2026\/01\/BIJOUX-12-scaled-e1768786007608-100x100.jpg",100,100,true]},"uagb_author_info":{"display_name":"Danila f.","author_link":"https:\/\/danilaf.com\/en\/author\/"},"uagb_comment_info":0,"uagb_excerpt":"Un \u00e9clat l\u00e9ger, comme une joie port\u00e9e au poignet. Discret et lumineux, le bracelet Sprinkles capte la lumi\u00e8re avec naturel.De fines perles de cristal multicolores semblent flotter sur la peau,comme des confettis d\u00e9licats, libres et spontan\u00e9s. Pens\u00e9 pour \u00eatre port\u00e9 seul ou en accumulation,Sprinkles accompagne les gestes du quotidien sans jamais les alourdir.Un bijou simple,&hellip;","_links":{"self":[{"href":"https:\/\/danilaf.com\/en\/wp-json\/wp\/v2\/product\/1052","targetHints":{"allow":["GET"]}}],"collection":[{"href":"https:\/\/danilaf.com\/en\/wp-json\/wp\/v2\/product"}],"about":[{"href":"https:\/\/danilaf.com\/en\/wp-json\/wp\/v2\/types\/product"}],"replies":[{"embeddable":true,"href":"https:\/\/danilaf.com\/en\/wp-json\/wp\/v2\/comments?post=1052"}],"wp:featuredmedia":[{"embeddable":true,"href":"https:\/\/danilaf.com\/en\/wp-json\/wp\/v2\/media\/1099"}],"wp:attachment":[{"href":"https:\/\/danilaf.com\/en\/wp-json\/wp\/v2\/media?parent=1052"}],"wp:term":[{"taxonomy":"product_brand","embeddable":true,"href":"https:\/\/danilaf.com\/en\/wp-json\/wp\/v2\/product_brand?post=1052"},{"taxonomy":"product_cat","embeddable":true,"href":"https:\/\/danilaf.com\/en\/wp-json\/wp\/v2\/product_cat?post=1052"},{"taxonomy":"product_tag","embeddable":true,"href":"https:\/\/danilaf.com\/en\/wp-json\/wp\/v2\/product_tag?post=1052"}],"curies":[{"name":"wp","href":"https:\/\/api.w.org\/{rel}","templated":true}]}}