{"id":1054,"date":"2026-01-01T00:00:39","date_gmt":"2025-12-31T23:00:39","guid":{"rendered":"https:\/\/danilaf.com\/?post_type=product&#038;p=1054"},"modified":"2026-01-30T13:13:12","modified_gmt":"2026-01-30T12:13:12","slug":"collier-pyrite","status":"publish","type":"product","link":"https:\/\/danilaf.com\/en\/creation\/collier-pyrite\/","title":{"rendered":"Pyrite necklace"},"content":{"rendered":"<h3 data-start=\"1457\" data-end=\"1468\">D\u00e9tails<\/h3>\n<ul data-start=\"1469\" data-end=\"1638\">\n<li data-start=\"1469\" data-end=\"1529\">\n<p data-start=\"1471\" data-end=\"1529\">Fil de p\u00eache en nylon <strong data-start=\"1493\" data-end=\"1516\">transparent ou noir<\/strong> (au choix)<\/p>\n<\/li>\n<li data-start=\"1530\" data-end=\"1548\">\n<p data-start=\"1532\" data-end=\"1548\">Cube de pyrite v\u00e9ritable<\/p>\n<\/li>\n<li data-start=\"1568\" data-end=\"1587\">\n<p data-start=\"1570\" data-end=\"1587\">L\u00e9ger et a\u00e9rien<\/p>\n<\/li>\n<li data-start=\"1588\" data-end=\"1611\">\n<p data-start=\"1590\" data-end=\"1611\">Chaque cube est unique<\/p>\n<\/li>\n<li data-start=\"1612\" data-end=\"1638\">\n<p data-start=\"1614\" data-end=\"1638\">Fait main avec attention<\/p>\n<\/li>\n<\/ul>\n<hr data-start=\"1640\" data-end=\"1643\" \/>\n<h3 data-start=\"1645\" data-end=\"1667\">Pourquoi on l\u2019aime<\/h3>\n<ul data-start=\"1668\" data-end=\"1757\">\n<li data-start=\"1668\" data-end=\"1693\">\n<p data-start=\"1670\" data-end=\"1693\">Sa sobri\u00e9t\u00e9 graphique<\/p>\n<\/li>\n<li data-start=\"1694\" data-end=\"1723\">\n<p data-start=\"1696\" data-end=\"1723\">Son \u00e9clat min\u00e9ral discret<\/p>\n<\/li>\n<li data-start=\"1724\" data-end=\"1757\">\n<p data-start=\"1726\" data-end=\"1757\">Id\u00e9al en layering ou port\u00e9 seul<\/p>\n<\/li>\n<\/ul>","protected":false},"excerpt":{"rendered":"<h3 data-start=\"1094\" data-end=\"1137\">Un point d\u2019\u00e9quilibre, pos\u00e9 sur la peau.<\/h3>\n<p data-start=\"1139\" data-end=\"1351\">Le collier<strong data-start=\"1150\" data-end=\"1165\">\u00a0Pyrite<\/strong> trace une ligne claire.<br data-start=\"1189\" data-end=\"1192\" \/>Sur un fil presque imperceptible, le cube de pyrite capte la lumi\u00e8re et la retient.<br data-start=\"1275\" data-end=\"1278\" \/>Un bijou \u00e0 la pr\u00e9sence silencieuse, pens\u00e9 comme un rep\u00e8re, une stabilit\u00e9.<\/p>\n<p data-start=\"1353\" data-end=\"1450\">Il accompagne les mouvements avec justesse<br data-start=\"1395\" data-end=\"1398\" \/>et s\u2019int\u00e8gre naturellement \u00e0 toutes les silhouettes.<\/p>","protected":false},"featured_media":1062,"comment_status":"open","ping_status":"closed","template":"","meta":{"_uag_custom_page_level_css":"","_monsterinsights_skip_tracking":false,"_monsterinsights_sitenote_active":false,"_monsterinsights_sitenote_note":"","_monsterinsights_sitenote_category":0,"site-sidebar-layout":"default","site-content-layout":"","ast-site-content-layout":"default","site-content-style":"default","site-sidebar-style":"default","ast-global-header-display":"","ast-banner-title-visibility":"","ast-main-header-display":"","ast-hfb-above-header-display":"","ast-hfb-below-header-display":"","ast-hfb-mobile-header-display":"","site-post-title":"","ast-breadcrumbs-content":"","ast-featured-img":"","footer-sml-layout":"","ast-disable-related-posts":"","theme-transparent-header-meta":"default","adv-header-id-meta":"","stick-header-meta":"","header-above-stick-meta":"","header-main-stick-meta":"","header-below-stick-meta":"","astra-migrate-meta-layouts":"set","ast-page-background-enabled":"default","ast-page-background-meta":{"desktop":{"background-color":"var(--ast-global-color-4)","background-image":"","background-repeat":"repeat","background-position":"center center","background-size":"auto","background-attachment":"scroll","background-type":"","background-media":"","overlay-type":"","overlay-color":"","overlay-opacity":"","overlay-gradient":""},"tablet":{"background-color":"","background-image":"","background-repeat":"repeat","background-position":"center center","background-size":"auto","background-attachment":"scroll","background-type":"","background-media":"","overlay-type":"","overlay-color":"","overlay-opacity":"","overlay-gradient":""},"mobile":{"background-color":"","background-image":"","background-repeat":"repeat","background-position":"center center","background-size":"auto","background-attachment":"scroll","background-type":"","background-media":"","overlay-type":"","overlay-color":"","overlay-opacity":"","overlay-gradient":""}},"ast-content-background-meta":{"desktop":{"background-color":"var(--ast-global-color-5)","background-image":"","background-repeat":"repeat","background-position":"center center","background-size":"auto","background-attachment":"scroll","background-type":"","background-media":"","overlay-type":"","overlay-color":"","overlay-opacity":"","overlay-gradient":""},"tablet":{"background-color":"var(--ast-global-color-5)","background-image":"","background-repeat":"repeat","background-position":"center center","background-size":"auto","background-attachment":"scroll","background-type":"","background-media":"","overlay-type":"","overlay-color":"","overlay-opacity":"","overlay-gradient":""},"mobile":{"background-color":"var(--ast-global-color-5)","background-image":"","background-repeat":"repeat","background-position":"center center","background-size":"auto","background-attachment":"scroll","background-type":"","background-media":"","overlay-type":"","overlay-color":"","overlay-opacity":"","overlay-gradient":""}}},"product_brand":[],"product_cat":[62],"product_tag":[148,147,169,150,146,149],"class_list":{"0":"post-1054","1":"product","2":"type-product","3":"status-publish","4":"has-post-thumbnail","6":"product_cat-colliers","7":"product_tag-fil-de-peche","8":"product_tag-nylon","9":"product_tag-personnalisable","10":"product_tag-pyrite","11":"product_tag-sea-nylon","12":"product_tag-transparent","13":"desktop-align-center","14":"tablet-align-center","15":"mobile-align-center","17":"first","18":"instock","19":"shipping-taxable","20":"purchasable","21":"product-type-variable"},"aioseo_notices":[],"uagb_featured_image_src":{"full":["https:\/\/danilaf.com\/wp-content\/uploads\/2026\/01\/Pyrite-1-scaled.jpg",2217,2560,false],"thumbnail":["https:\/\/danilaf.com\/wp-content\/uploads\/2026\/01\/Pyrite-1-150x150.jpg",150,150,true],"medium":["https:\/\/danilaf.com\/wp-content\/uploads\/2026\/01\/Pyrite-1-260x300.jpg",260,300,true],"medium_large":["https:\/\/danilaf.com\/wp-content\/uploads\/2026\/01\/Pyrite-1-768x887.jpg",768,887,true],"large":["https:\/\/danilaf.com\/wp-content\/uploads\/2026\/01\/Pyrite-1-887x1024.jpg",887,1024,true],"1536x1536":["https:\/\/danilaf.com\/wp-content\/uploads\/2026\/01\/Pyrite-1-1330x1536.jpg",1330,1536,true],"2048x2048":["https:\/\/danilaf.com\/wp-content\/uploads\/2026\/01\/Pyrite-1-1774x2048.jpg",1774,2048,true],"trp-custom-language-flag":["https:\/\/danilaf.com\/wp-content\/uploads\/2026\/01\/Pyrite-1-scaled.jpg",10,12,false],"woocommerce_thumbnail":["https:\/\/danilaf.com\/wp-content\/uploads\/2026\/01\/Pyrite-1-300x300.jpg",300,300,true],"woocommerce_single":["https:\/\/danilaf.com\/wp-content\/uploads\/2026\/01\/Pyrite-1-600x693.jpg",600,693,true],"woocommerce_gallery_thumbnail":["https:\/\/danilaf.com\/wp-content\/uploads\/2026\/01\/Pyrite-1-100x100.jpg",100,100,true]},"uagb_author_info":{"display_name":"Danila f.","author_link":"https:\/\/danilaf.com\/en\/author\/"},"uagb_comment_info":0,"uagb_excerpt":"Un point d\u2019\u00e9quilibre, pos\u00e9 sur la peau. Le collier\u00a0Pyrite trace une ligne claire.Sur un fil presque imperceptible, le cube de pyrite capte la lumi\u00e8re et la retient.Un bijou \u00e0 la pr\u00e9sence silencieuse, pens\u00e9 comme un rep\u00e8re, une stabilit\u00e9. Il accompagne les mouvements avec justesseet s\u2019int\u00e8gre naturellement \u00e0 toutes les silhouettes.","_links":{"self":[{"href":"https:\/\/danilaf.com\/en\/wp-json\/wp\/v2\/product\/1054","targetHints":{"allow":["GET"]}}],"collection":[{"href":"https:\/\/danilaf.com\/en\/wp-json\/wp\/v2\/product"}],"about":[{"href":"https:\/\/danilaf.com\/en\/wp-json\/wp\/v2\/types\/product"}],"replies":[{"embeddable":true,"href":"https:\/\/danilaf.com\/en\/wp-json\/wp\/v2\/comments?post=1054"}],"wp:featuredmedia":[{"embeddable":true,"href":"https:\/\/danilaf.com\/en\/wp-json\/wp\/v2\/media\/1062"}],"wp:attachment":[{"href":"https:\/\/danilaf.com\/en\/wp-json\/wp\/v2\/media?parent=1054"}],"wp:term":[{"taxonomy":"product_brand","embeddable":true,"href":"https:\/\/danilaf.com\/en\/wp-json\/wp\/v2\/product_brand?post=1054"},{"taxonomy":"product_cat","embeddable":true,"href":"https:\/\/danilaf.com\/en\/wp-json\/wp\/v2\/product_cat?post=1054"},{"taxonomy":"product_tag","embeddable":true,"href":"https:\/\/danilaf.com\/en\/wp-json\/wp\/v2\/product_tag?post=1054"}],"curies":[{"name":"wp","href":"https:\/\/api.w.org\/{rel}","templated":true}]}}