{"id":1065,"date":"2026-01-01T00:00:05","date_gmt":"2025-12-31T23:00:05","guid":{"rendered":"https:\/\/danilaf.com\/?post_type=product&#038;p=1065"},"modified":"2026-02-01T15:28:28","modified_gmt":"2026-02-01T14:28:28","slug":"collier-sirene-deau-douce-perle-naturelle-de-riviere","status":"publish","type":"product","link":"https:\/\/danilaf.com\/en\/creation\/collier-sirene-deau-douce-perle-naturelle-de-riviere\/","title":{"rendered":"SweetWater Mermaid Necklace"},"content":{"rendered":"<h3 style=\"text-align: left\" data-start=\"2818\" data-end=\"2829\">D\u00e9tails<\/h3>\n<ul data-start=\"2830\" data-end=\"3049\">\n<li data-start=\"2830\" data-end=\"2890\">\n<p data-start=\"2832\" data-end=\"2890\">Fil de p\u00eache en nylon <strong data-start=\"2854\" data-end=\"2877\">transparent ou noir<\/strong> (au choix)<\/p>\n<\/li>\n<li data-start=\"2891\" data-end=\"2959\">\n<p data-start=\"2893\" data-end=\"2959\"><strong>Perle D&rsquo;Eau<\/strong>\u00a0de rivi\u00e8re au choix :<br data-start=\"2919\" data-end=\"2922\" \/>blanche, off white, noire, verte\u2026<\/p>\n<\/li>\n<li data-start=\"2979\" data-end=\"2998\">\n<p data-start=\"2981\" data-end=\"2998\">L\u00e9ger et fluide<\/p>\n<\/li>\n<li data-start=\"2999\" data-end=\"3022\">\n<p data-start=\"3001\" data-end=\"3022\">Chaque perle est unique<\/p>\n<\/li>\n<li data-start=\"3023\" data-end=\"3049\">\n<p data-start=\"3025\" data-end=\"3049\">Fait main avec attention<\/p>\n<\/li>\n<\/ul>\n<hr data-start=\"3051\" data-end=\"3054\" \/>\n<h3 data-start=\"3056\" data-end=\"3078\">Pourquoi on l\u2019aime<\/h3>\n<ul data-start=\"3079\" data-end=\"3171\">\n<li data-start=\"3079\" data-end=\"3104\">\n<p data-start=\"3081\" data-end=\"3104\">Sa sobri\u00e9t\u00e9 naturelle<\/p>\n<\/li>\n<li data-start=\"3105\" data-end=\"3134\">\n<p data-start=\"3107\" data-end=\"3134\">Son \u00e9l\u00e9gance intemporelle<\/p>\n<\/li>\n<li data-start=\"3135\" data-end=\"3171\">\n<p data-start=\"3137\" data-end=\"3171\">Une pi\u00e8ce essentielle du quotidien<\/p>\n<\/li>\n<\/ul>","protected":false},"excerpt":{"rendered":"<h3 data-start=\"2547\" data-end=\"2589\">Une pr\u00e9sence douce,<br \/>\npresque intuitive.<\/h3>\n<p data-start=\"2591\" data-end=\"2754\">Le collier <strong>Sir\u00e8ne D&rsquo;Eau Douce<\/strong>\u00a0c\u00e9l\u00e8bre la simplicit\u00e9.<br data-start=\"2644\" data-end=\"2647\" \/>Une perle d&rsquo;eau choisie pour sa teinte et sa vibration,<br data-start=\"2696\" data-end=\"2699\" \/>pos\u00e9e sur un fil discret, comme un souffle sur la peau.<\/p>\n<p data-start=\"2756\" data-end=\"2811\">Un bijou apaisant, \u00e0 porter comme un rappel silencieux.<\/p>","protected":false},"featured_media":1586,"comment_status":"open","ping_status":"closed","template":"","meta":{"_uag_custom_page_level_css":"","_monsterinsights_skip_tracking":false,"_monsterinsights_sitenote_active":false,"_monsterinsights_sitenote_note":"","_monsterinsights_sitenote_category":0,"site-sidebar-layout":"default","site-content-layout":"","ast-site-content-layout":"default","site-content-style":"default","site-sidebar-style":"default","ast-global-header-display":"","ast-banner-title-visibility":"","ast-main-header-display":"","ast-hfb-above-header-display":"","ast-hfb-below-header-display":"","ast-hfb-mobile-header-display":"","site-post-title":"","ast-breadcrumbs-content":"","ast-featured-img":"","footer-sml-layout":"","ast-disable-related-posts":"","theme-transparent-header-meta":"default","adv-header-id-meta":"","stick-header-meta":"","header-above-stick-meta":"","header-main-stick-meta":"","header-below-stick-meta":"","astra-migrate-meta-layouts":"set","ast-page-background-enabled":"default","ast-page-background-meta":{"desktop":{"background-color":"var(--ast-global-color-4)","background-image":"","background-repeat":"repeat","background-position":"center center","background-size":"auto","background-attachment":"scroll","background-type":"","background-media":"","overlay-type":"","overlay-color":"","overlay-opacity":"","overlay-gradient":""},"tablet":{"background-color":"","background-image":"","background-repeat":"repeat","background-position":"center center","background-size":"auto","background-attachment":"scroll","background-type":"","background-media":"","overlay-type":"","overlay-color":"","overlay-opacity":"","overlay-gradient":""},"mobile":{"background-color":"","background-image":"","background-repeat":"repeat","background-position":"center center","background-size":"auto","background-attachment":"scroll","background-type":"","background-media":"","overlay-type":"","overlay-color":"","overlay-opacity":"","overlay-gradient":""}},"ast-content-background-meta":{"desktop":{"background-color":"var(--ast-global-color-5)","background-image":"","background-repeat":"repeat","background-position":"center center","background-size":"auto","background-attachment":"scroll","background-type":"","background-media":"","overlay-type":"","overlay-color":"","overlay-opacity":"","overlay-gradient":""},"tablet":{"background-color":"var(--ast-global-color-5)","background-image":"","background-repeat":"repeat","background-position":"center center","background-size":"auto","background-attachment":"scroll","background-type":"","background-media":"","overlay-type":"","overlay-color":"","overlay-opacity":"","overlay-gradient":""},"mobile":{"background-color":"var(--ast-global-color-5)","background-image":"","background-repeat":"repeat","background-position":"center center","background-size":"auto","background-attachment":"scroll","background-type":"","background-media":"","overlay-type":"","overlay-color":"","overlay-opacity":"","overlay-gradient":""}}},"product_brand":[],"product_cat":[62],"product_tag":[81,148,147,169,146,149],"class_list":{"0":"post-1065","1":"product","2":"type-product","3":"status-publish","4":"has-post-thumbnail","6":"product_cat-colliers","7":"product_tag-collier","8":"product_tag-fil-de-peche","9":"product_tag-nylon","10":"product_tag-personnalisable","11":"product_tag-sea-nylon","12":"product_tag-transparent","13":"product_shipping_class-llp-100-g-xs","14":"desktop-align-center","15":"tablet-align-center","16":"mobile-align-center","18":"first","19":"instock","20":"shipping-taxable","21":"purchasable","22":"product-type-variable"},"aioseo_notices":[],"uagb_featured_image_src":{"full":["https:\/\/danilaf.com\/wp-content\/uploads\/2026\/01\/perle-blanche-transparant-et-noir.jpg",2034,2378,false],"thumbnail":["https:\/\/danilaf.com\/wp-content\/uploads\/2026\/01\/perle-blanche-transparant-et-noir-150x150.jpg",150,150,true],"medium":["https:\/\/danilaf.com\/wp-content\/uploads\/2026\/01\/perle-blanche-transparant-et-noir-257x300.jpg",257,300,true],"medium_large":["https:\/\/danilaf.com\/wp-content\/uploads\/2026\/01\/perle-blanche-transparant-et-noir-768x898.jpg",768,898,true],"large":["https:\/\/danilaf.com\/wp-content\/uploads\/2026\/01\/perle-blanche-transparant-et-noir-876x1024.jpg",876,1024,true],"1536x1536":["https:\/\/danilaf.com\/wp-content\/uploads\/2026\/01\/perle-blanche-transparant-et-noir-1314x1536.jpg",1314,1536,true],"2048x2048":["https:\/\/danilaf.com\/wp-content\/uploads\/2026\/01\/perle-blanche-transparant-et-noir-1752x2048.jpg",1752,2048,true],"trp-custom-language-flag":["https:\/\/danilaf.com\/wp-content\/uploads\/2026\/01\/perle-blanche-transparant-et-noir-10x12.jpg",10,12,true],"woocommerce_thumbnail":["https:\/\/danilaf.com\/wp-content\/uploads\/2026\/01\/perle-blanche-transparant-et-noir-300x300.jpg",300,300,true],"woocommerce_single":["https:\/\/danilaf.com\/wp-content\/uploads\/2026\/01\/perle-blanche-transparant-et-noir-600x701.jpg",600,701,true],"woocommerce_gallery_thumbnail":["https:\/\/danilaf.com\/wp-content\/uploads\/2026\/01\/perle-blanche-transparant-et-noir-100x100.jpg",100,100,true]},"uagb_author_info":{"display_name":"Danila f.","author_link":"https:\/\/danilaf.com\/en\/author\/"},"uagb_comment_info":0,"uagb_excerpt":"Une pr\u00e9sence douce, presque intuitive. Le collier Sir\u00e8ne D'Eau Douce\u00a0c\u00e9l\u00e8bre la simplicit\u00e9.Une perle d'eau choisie pour sa teinte et sa vibration,pos\u00e9e sur un fil discret, comme un souffle sur la peau. Un bijou apaisant, \u00e0 porter comme un rappel silencieux.","_links":{"self":[{"href":"https:\/\/danilaf.com\/en\/wp-json\/wp\/v2\/product\/1065","targetHints":{"allow":["GET"]}}],"collection":[{"href":"https:\/\/danilaf.com\/en\/wp-json\/wp\/v2\/product"}],"about":[{"href":"https:\/\/danilaf.com\/en\/wp-json\/wp\/v2\/types\/product"}],"replies":[{"embeddable":true,"href":"https:\/\/danilaf.com\/en\/wp-json\/wp\/v2\/comments?post=1065"}],"wp:featuredmedia":[{"embeddable":true,"href":"https:\/\/danilaf.com\/en\/wp-json\/wp\/v2\/media\/1586"}],"wp:attachment":[{"href":"https:\/\/danilaf.com\/en\/wp-json\/wp\/v2\/media?parent=1065"}],"wp:term":[{"taxonomy":"product_brand","embeddable":true,"href":"https:\/\/danilaf.com\/en\/wp-json\/wp\/v2\/product_brand?post=1065"},{"taxonomy":"product_cat","embeddable":true,"href":"https:\/\/danilaf.com\/en\/wp-json\/wp\/v2\/product_cat?post=1065"},{"taxonomy":"product_tag","embeddable":true,"href":"https:\/\/danilaf.com\/en\/wp-json\/wp\/v2\/product_tag?post=1065"}],"curies":[{"name":"wp","href":"https:\/\/api.w.org\/{rel}","templated":true}]}}