{"id":1142,"date":"2026-01-01T00:00:46","date_gmt":"2025-12-31T23:00:46","guid":{"rendered":"https:\/\/danilaf.com\/?post_type=product&#038;p=1142"},"modified":"2026-01-30T13:09:51","modified_gmt":"2026-01-30T12:09:51","slug":"filet-de-sirene","status":"publish","type":"product","link":"https:\/\/danilaf.com\/en\/creation\/filet-de-sirene\/","title":{"rendered":"Mermaid Net Necklace"},"content":{"rendered":"<h3 data-start=\"1077\" data-end=\"1142\">Une personnalisation invisible, mais profond\u00e9ment personnelle<\/h3>\n<p data-start=\"1143\" data-end=\"1359\">Contrairement aux bijoux personnalis\u00e9s traditionnels, le <strong data-start=\"1200\" data-end=\"1219\">Filet de Sir\u00e8ne<\/strong> ne cherche pas \u00e0 afficher un pr\u00e9nom ou une date.<br data-start=\"1268\" data-end=\"1271\" \/>Il propose une autre forme de personnalisation : <strong data-start=\"1320\" data-end=\"1358\">symbolique, discr\u00e8te et consciente<\/strong>.<\/p>\n<p data-start=\"1361\" data-end=\"1378\">Vous choisissez :<\/p>\n<ul data-start=\"1379\" data-end=\"1715\">\n<li data-start=\"1379\" data-end=\"1529\">\n<p data-start=\"1381\" data-end=\"1529\">la <strong data-start=\"1384\" data-end=\"1402\">couleur du fil<\/strong><br data-start=\"1402\" data-end=\"1405\" \/>\u2022 nylon transparent, presque invisible, pour une \u00e9l\u00e9gance a\u00e9rienne<br data-start=\"1473\" data-end=\"1476\" \/>\u2022 nylon noir, pour un contraste subtil et affirm\u00e9<\/p>\n<\/li>\n<li data-start=\"1531\" data-end=\"1715\">\n<p data-start=\"1533\" data-end=\"1715\">la <strong data-start=\"1536\" data-end=\"1569\">forme de la perle en h\u00e9matite<\/strong><br data-start=\"1569\" data-end=\"1572\" \/>\u2022 <strong data-start=\"1627\" data-end=\"1638\">Signe Plus (+)<\/strong>\u00a0pour la positivit\u00e9, l\u2019\u00e9lan, l\u2019ouverture \u00e0 ce que l\u2019on souhaite renforcer <br data-start=\"1620\" data-end=\"1623\" \/>\u2022 un <strong>C\u0153ur<\/strong> pour l\u2019amour, la douceur, le lien. D\u00e9multipli\u00e9 associ\u00e9 au signe Plus (+)<\/p>\n<\/li>\n<\/ul>\n<p data-start=\"1717\" data-end=\"1805\">Chaque combinaison devient un bijou diff\u00e9rent, pens\u00e9 comme un <strong data-start=\"1779\" data-end=\"1804\">talisman contemporain<\/strong>.<\/p>\n<hr data-start=\"1807\" data-end=\"1810\" \/>\n<h3 data-start=\"1812\" data-end=\"1866\">L\u2019h\u00e9matite : une pierre de pr\u00e9sence et d\u2019\u00e9quilibre<\/h3>\n<p data-start=\"1867\" data-end=\"2105\">La perle en <strong data-start=\"1879\" data-end=\"1891\">h\u00e9matite<\/strong>, au c\u0153ur du collier, est reconnue pour ses qualit\u00e9s d\u2019ancrage et d\u2019\u00e9quilibre.<br data-start=\"1969\" data-end=\"1972\" \/>Utilis\u00e9e ici dans une forme minimaliste, elle devient un symbole discret, charg\u00e9 de sens, choisi consciemment par celle qui le porte.<\/p>\n<p data-start=\"2107\" data-end=\"2178\">Ce bijou ne raconte pas une histoire \u00e0 voix haute.<br data-start=\"2157\" data-end=\"2160\" \/>Il <strong data-start=\"2163\" data-end=\"2177\">accompagne<\/strong>.<\/p>\n<hr data-start=\"2180\" data-end=\"2183\" \/>\n<h3 data-start=\"2185\" data-end=\"2231\">Un bijou personnalisable pour le quotidien<\/h3>\n<p data-start=\"2232\" data-end=\"2431\">Avec son design fin et presque invisible, le collier <strong data-start=\"2285\" data-end=\"2304\">Filet de Sir\u00e8ne<\/strong> s\u2019adapte \u00e0 toutes les occasions.<br data-start=\"2337\" data-end=\"2340\" \/>Il se porte aussi bien sur peau nue que sur un v\u00eatement sombre, o\u00f9 la perle semble flotter.<\/p>\n<p data-start=\"2433\" data-end=\"2579\">Minimaliste, l\u00e9ger et personnalisable, il est id\u00e9al pour celles et ceux qui recherchent un <strong data-start=\"2524\" data-end=\"2540\">bijou unique<\/strong>, fa\u00e7onn\u00e9 sur mesure, sans ostentation.<\/p>\n<hr data-start=\"2581\" data-end=\"2584\" \/>\n<h3 data-start=\"2586\" data-end=\"2622\">Cr\u00e9ation artisanale sur commande<\/h3>\n<p data-start=\"2623\" data-end=\"2834\">Chaque collier Filet de Sir\u00e8ne est <strong data-start=\"2658\" data-end=\"2679\">r\u00e9alis\u00e9 \u00e0 la main<\/strong>, \u00e0 la commande, selon vos choix de personnalisation.<br data-start=\"2732\" data-end=\"2735\" \/>Un bijou artisanal, unique par essence, pens\u00e9 pour durer et pour accompagner une intention choisie.<\/p>","protected":false},"excerpt":{"rendered":"<h3 data-start=\"621\" data-end=\"657\">Un bijou minimaliste,<\/h3>\n<h3 data-start=\"621\" data-end=\"657\">porteur de sens<\/h3>\n<p data-start=\"658\" data-end=\"933\">Le collier <strong data-start=\"669\" data-end=\"688\">Filet de Sir\u00e8ne<\/strong> est un bijou personnalisable pens\u00e9 autrement.<br data-start=\"734\" data-end=\"737\" \/>Ici, pas de gravure visible, pas de message fig\u00e9. La personnalisation se fait par le <strong data-start=\"822\" data-end=\"872\">choix des mati\u00e8res, des couleurs et des symboles<\/strong>, pour cr\u00e9er un bijou r\u00e9ellement unique, intime et personnel.<\/p>\n<p data-start=\"935\" data-end=\"1070\">Chaque cr\u00e9ation est fa\u00e7onn\u00e9e \u00e0 la main et con\u00e7ue pour accompagner une intention, une \u00e9motion, un moment de vie \u2014 sans jamais l\u2019exposer.<\/p>","protected":false},"featured_media":1590,"comment_status":"open","ping_status":"closed","template":"","meta":{"_uag_custom_page_level_css":"","_monsterinsights_skip_tracking":false,"_monsterinsights_sitenote_active":false,"_monsterinsights_sitenote_note":"","_monsterinsights_sitenote_category":0,"site-sidebar-layout":"default","site-content-layout":"","ast-site-content-layout":"default","site-content-style":"default","site-sidebar-style":"default","ast-global-header-display":"","ast-banner-title-visibility":"","ast-main-header-display":"","ast-hfb-above-header-display":"","ast-hfb-below-header-display":"","ast-hfb-mobile-header-display":"","site-post-title":"","ast-breadcrumbs-content":"","ast-featured-img":"","footer-sml-layout":"","ast-disable-related-posts":"","theme-transparent-header-meta":"default","adv-header-id-meta":"","stick-header-meta":"","header-above-stick-meta":"","header-main-stick-meta":"","header-below-stick-meta":"","astra-migrate-meta-layouts":"set","ast-page-background-enabled":"default","ast-page-background-meta":{"desktop":{"background-color":"var(--ast-global-color-4)","background-image":"","background-repeat":"repeat","background-position":"center center","background-size":"auto","background-attachment":"scroll","background-type":"","background-media":"","overlay-type":"","overlay-color":"","overlay-opacity":"","overlay-gradient":""},"tablet":{"background-color":"","background-image":"","background-repeat":"repeat","background-position":"center center","background-size":"auto","background-attachment":"scroll","background-type":"","background-media":"","overlay-type":"","overlay-color":"","overlay-opacity":"","overlay-gradient":""},"mobile":{"background-color":"","background-image":"","background-repeat":"repeat","background-position":"center center","background-size":"auto","background-attachment":"scroll","background-type":"","background-media":"","overlay-type":"","overlay-color":"","overlay-opacity":"","overlay-gradient":""}},"ast-content-background-meta":{"desktop":{"background-color":"var(--ast-global-color-5)","background-image":"","background-repeat":"repeat","background-position":"center center","background-size":"auto","background-attachment":"scroll","background-type":"","background-media":"","overlay-type":"","overlay-color":"","overlay-opacity":"","overlay-gradient":""},"tablet":{"background-color":"var(--ast-global-color-5)","background-image":"","background-repeat":"repeat","background-position":"center center","background-size":"auto","background-attachment":"scroll","background-type":"","background-media":"","overlay-type":"","overlay-color":"","overlay-opacity":"","overlay-gradient":""},"mobile":{"background-color":"var(--ast-global-color-5)","background-image":"","background-repeat":"repeat","background-position":"center center","background-size":"auto","background-attachment":"scroll","background-type":"","background-media":"","overlay-type":"","overlay-color":"","overlay-opacity":"","overlay-gradient":""}}},"product_brand":[],"product_cat":[62],"product_tag":[81,148,147,169,146,149],"class_list":{"0":"post-1142","1":"product","2":"type-product","3":"status-publish","4":"has-post-thumbnail","6":"product_cat-colliers","7":"product_tag-collier","8":"product_tag-fil-de-peche","9":"product_tag-nylon","10":"product_tag-personnalisable","11":"product_tag-sea-nylon","12":"product_tag-transparent","13":"product_shipping_class-llp-100-g-xs","14":"desktop-align-center","15":"tablet-align-center","16":"mobile-align-center","18":"first","19":"instock","20":"shipping-taxable","21":"purchasable","22":"product-type-variable"},"aioseo_notices":[],"uagb_featured_image_src":{"full":["https:\/\/danilaf.com\/wp-content\/uploads\/2026\/01\/coeur-horizotal-transparant-et-noir.jpg",2016,2226,false],"thumbnail":["https:\/\/danilaf.com\/wp-content\/uploads\/2026\/01\/coeur-horizotal-transparant-et-noir-150x150.jpg",150,150,true],"medium":["https:\/\/danilaf.com\/wp-content\/uploads\/2026\/01\/coeur-horizotal-transparant-et-noir-272x300.jpg",272,300,true],"medium_large":["https:\/\/danilaf.com\/wp-content\/uploads\/2026\/01\/coeur-horizotal-transparant-et-noir-768x848.jpg",768,848,true],"large":["https:\/\/danilaf.com\/wp-content\/uploads\/2026\/01\/coeur-horizotal-transparant-et-noir-927x1024.jpg",927,1024,true],"1536x1536":["https:\/\/danilaf.com\/wp-content\/uploads\/2026\/01\/coeur-horizotal-transparant-et-noir-1391x1536.jpg",1391,1536,true],"2048x2048":["https:\/\/danilaf.com\/wp-content\/uploads\/2026\/01\/coeur-horizotal-transparant-et-noir-1855x2048.jpg",1855,2048,true],"trp-custom-language-flag":["https:\/\/danilaf.com\/wp-content\/uploads\/2026\/01\/coeur-horizotal-transparant-et-noir-11x12.jpg",11,12,true],"woocommerce_thumbnail":["https:\/\/danilaf.com\/wp-content\/uploads\/2026\/01\/coeur-horizotal-transparant-et-noir-300x300.jpg",300,300,true],"woocommerce_single":["https:\/\/danilaf.com\/wp-content\/uploads\/2026\/01\/coeur-horizotal-transparant-et-noir-600x663.jpg",600,663,true],"woocommerce_gallery_thumbnail":["https:\/\/danilaf.com\/wp-content\/uploads\/2026\/01\/coeur-horizotal-transparant-et-noir-100x100.jpg",100,100,true]},"uagb_author_info":{"display_name":"Danila f.","author_link":"https:\/\/danilaf.com\/en\/author\/"},"uagb_comment_info":0,"uagb_excerpt":"Un bijou minimaliste, porteur de sens Le collier Filet de Sir\u00e8ne est un bijou personnalisable pens\u00e9 autrement.Ici, pas de gravure visible, pas de message fig\u00e9. La personnalisation se fait par le choix des mati\u00e8res, des couleurs et des symboles, pour cr\u00e9er un bijou r\u00e9ellement unique, intime et personnel. Chaque cr\u00e9ation est fa\u00e7onn\u00e9e \u00e0 la main&hellip;","_links":{"self":[{"href":"https:\/\/danilaf.com\/en\/wp-json\/wp\/v2\/product\/1142","targetHints":{"allow":["GET"]}}],"collection":[{"href":"https:\/\/danilaf.com\/en\/wp-json\/wp\/v2\/product"}],"about":[{"href":"https:\/\/danilaf.com\/en\/wp-json\/wp\/v2\/types\/product"}],"replies":[{"embeddable":true,"href":"https:\/\/danilaf.com\/en\/wp-json\/wp\/v2\/comments?post=1142"}],"wp:featuredmedia":[{"embeddable":true,"href":"https:\/\/danilaf.com\/en\/wp-json\/wp\/v2\/media\/1590"}],"wp:attachment":[{"href":"https:\/\/danilaf.com\/en\/wp-json\/wp\/v2\/media?parent=1142"}],"wp:term":[{"taxonomy":"product_brand","embeddable":true,"href":"https:\/\/danilaf.com\/en\/wp-json\/wp\/v2\/product_brand?post=1142"},{"taxonomy":"product_cat","embeddable":true,"href":"https:\/\/danilaf.com\/en\/wp-json\/wp\/v2\/product_cat?post=1142"},{"taxonomy":"product_tag","embeddable":true,"href":"https:\/\/danilaf.com\/en\/wp-json\/wp\/v2\/product_tag?post=1142"}],"curies":[{"name":"wp","href":"https:\/\/api.w.org\/{rel}","templated":true}]}}