{"id":1602,"date":"2026-03-09T17:51:21","date_gmt":"2026-03-09T16:51:21","guid":{"rendered":"https:\/\/danilaf.com\/?post_type=product&#038;p=1602"},"modified":"2026-03-09T17:51:22","modified_gmt":"2026-03-09T16:51:22","slug":"be-positive-slide","status":"publish","type":"product","link":"https:\/\/danilaf.com\/en\/creation\/be-positive-slide\/","title":{"rendered":"BE + POSITIVE slide"},"content":{"rendered":"<h1 data-path-to-node=\"4\">Choisissez l&rsquo;Optimisme avec ce bijou<\/h1>\n<p data-path-to-node=\"5\">A <b data-path-to-node=\"5\" data-index-in-node=\"3\">+<\/b> pour additionner les souvenirs heureux, multiplier les sourires et attirer vers vous ce qui vous fait vibrer. Le <b data-path-to-node=\"5\" data-index-in-node=\"118\">Slide Necklace Be More Positive +<\/b> est un collier glissant au design \u00e9pur\u00e9, con\u00e7u pour accompagner le corps avec fluidit\u00e9. Chaque d\u00e9tail a \u00e9t\u00e9 pens\u00e9 pour donner un symbole pour changer votre \u00e9nergie. Gr\u00e2ce \u00e0 son m\u00e9canisme coulissant, le collier s\u2019ajuste facilement et s\u2019adapte \u00e0 diff\u00e9rentes envies.<\/p>\n<hr \/>\n<h2 data-path-to-node=\"6\">Pourquoi choisir ce collier ?<\/h2>\n<p data-path-to-node=\"7\">The <b data-path-to-node=\"7\" data-index-in-node=\"3\">BE + Slide<\/b> est id\u00e9al pour celles qui recherchent un bijou influent et porteur de sens. Son design minimaliste et graphique vous permet de le porter seul pour un rendu \u00e9pur\u00e9, ou en superposition pour un style plus affirm\u00e9. Les perles en H\u00e9matite, reconnues pour leur r\u00e9sistance et leur \u00e9clat m\u00e9tallique, sont soigneusement s\u00e9lectionn\u00e9es pour leur finition lisse et durable. Le fil de jade, l\u00e9ger et discret, \u00e9pouse la peau tout en mettant en valeur la brillance des perles. C\u2019est un collier qui traverse les saisons et les occasions, aussi juste au quotidien que pour un moment plus habill\u00e9.<\/p>\n<hr \/>\n<h3><strong>Un bijou symbole<\/strong><\/h3>\n<p data-path-to-node=\"9\">Plus qu\u2019un simple collier, le <b data-path-to-node=\"9\" data-index-in-node=\"30\">Slide BE +<\/b> est un collier qui vous encourage et vous accompagne \u00e0 <b data-path-to-node=\"9\" data-index-in-node=\"96\">+<\/b> oser, <b data-path-to-node=\"9\" data-index-in-node=\"104\">+<\/b> rayonner, <b data-path-to-node=\"9\" data-index-in-node=\"116\">+<\/b>croire en vous\u2026 Un \u00e9quilibre entre \u00e9clat et sophistication. Sa simplicit\u00e9 en fait une pi\u00e8ce facile \u00e0 associer, tout en conservant une pr\u00e9sence et une \u00e9nergie solaire.<\/p>\n<hr \/>\n<h3><strong>Comment porter votre collier Slide BE +<\/strong><\/h3>\n<p data-path-to-node=\"11\">Passez le collier par-dessus la t\u00eate, ajustez la longueur gr\u00e2ce au syst\u00e8me coulissant, puis recentrez d\u00e9licatement les perles. \u00c0 porter sur peau nue, sur un col roul\u00e9 ou en layering avec d\u2019autres colliers Danila f.<\/p>","protected":false},"excerpt":{"rendered":"<h1 data-path-to-node=\"2\">BE \u00a0\u00bb + \u00ab\u00a0<\/h1>\n<p data-path-to-node=\"3\">Le symbole \u00ab plus \u00bb solaire et dynamisant qui vous accompagne, vous rappelle ou vous sugg\u00e8re avec force : <b data-path-to-node=\"3\" data-index-in-node=\"106\">+<\/b> de confiance, <b data-path-to-node=\"3\" data-index-in-node=\"122\">+<\/b> de joie, <b data-path-to-node=\"3\" data-index-in-node=\"133\">+<\/b> d\u2019audace, <b data-path-to-node=\"3\" data-index-in-node=\"145\">+<\/b> de gratitude, <b data-path-to-node=\"3\" data-index-in-node=\"161\">+<\/b> de lumi\u00e8re ou ce que vous d\u00e9sirez secr\u00e8tement !<\/p>\n<h2 data-start=\"4413\" data-end=\"4435\">Un bijou \u00e0 activer<\/h2>\n<p data-start=\"4436\" data-end=\"4681\">Porter un bijou <strong data-start=\"4452\" data-end=\"4465\">Danila f.<\/strong>, c\u2019est cr\u00e9er un rituel intime. \u00a0Un rappel conscient. Une armure invisible<\/p>","protected":false},"featured_media":1663,"comment_status":"closed","ping_status":"closed","template":"","meta":{"_uag_custom_page_level_css":"","_monsterinsights_skip_tracking":false,"_monsterinsights_sitenote_active":false,"_monsterinsights_sitenote_note":"","_monsterinsights_sitenote_category":0,"site-sidebar-layout":"default","site-content-layout":"","ast-site-content-layout":"default","site-content-style":"default","site-sidebar-style":"default","ast-global-header-display":"","ast-banner-title-visibility":"","ast-main-header-display":"","ast-hfb-above-header-display":"","ast-hfb-below-header-display":"","ast-hfb-mobile-header-display":"","site-post-title":"","ast-breadcrumbs-content":"","ast-featured-img":"","footer-sml-layout":"","ast-disable-related-posts":"","theme-transparent-header-meta":"default","adv-header-id-meta":"","stick-header-meta":"","header-above-stick-meta":"","header-main-stick-meta":"","header-below-stick-meta":"","astra-migrate-meta-layouts":"set","ast-page-background-enabled":"default","ast-page-background-meta":{"desktop":{"background-color":"var(--ast-global-color-4)","background-image":"","background-repeat":"repeat","background-position":"center center","background-size":"auto","background-attachment":"scroll","background-type":"","background-media":"","overlay-type":"","overlay-color":"","overlay-opacity":"","overlay-gradient":""},"tablet":{"background-color":"","background-image":"","background-repeat":"repeat","background-position":"center center","background-size":"auto","background-attachment":"scroll","background-type":"","background-media":"","overlay-type":"","overlay-color":"","overlay-opacity":"","overlay-gradient":""},"mobile":{"background-color":"","background-image":"","background-repeat":"repeat","background-position":"center center","background-size":"auto","background-attachment":"scroll","background-type":"","background-media":"","overlay-type":"","overlay-color":"","overlay-opacity":"","overlay-gradient":""}},"ast-content-background-meta":{"desktop":{"background-color":"var(--ast-global-color-5)","background-image":"","background-repeat":"repeat","background-position":"center center","background-size":"auto","background-attachment":"scroll","background-type":"","background-media":"","overlay-type":"","overlay-color":"","overlay-opacity":"","overlay-gradient":""},"tablet":{"background-color":"var(--ast-global-color-5)","background-image":"","background-repeat":"repeat","background-position":"center center","background-size":"auto","background-attachment":"scroll","background-type":"","background-media":"","overlay-type":"","overlay-color":"","overlay-opacity":"","overlay-gradient":""},"mobile":{"background-color":"var(--ast-global-color-5)","background-image":"","background-repeat":"repeat","background-position":"center center","background-size":"auto","background-attachment":"scroll","background-type":"","background-media":"","overlay-type":"","overlay-color":"","overlay-opacity":"","overlay-gradient":""}}},"product_brand":[],"product_cat":[192,54,62],"product_tag":[81,165,193,169,171],"class_list":{"0":"post-1602","1":"product","2":"type-product","3":"status-publish","4":"has-post-thumbnail","6":"product_cat-collection-be","7":"product_cat-slide","8":"product_cat-colliers","9":"product_tag-collier","10":"product_tag-fil-de-jade","11":"product_tag-perles","12":"product_tag-personnalisable","13":"product_tag-slide","14":"product_shipping_class-llp-100-g-xs","15":"desktop-align-center","16":"tablet-align-center","17":"mobile-align-center","19":"first","20":"instock","21":"shipping-taxable","22":"purchasable","23":"product-type-variable"},"aioseo_notices":[],"uagb_featured_image_src":{"full":["https:\/\/danilaf.com\/wp-content\/uploads\/2026\/02\/noir--scaled-e1771782276759.jpg",1920,2338,false],"thumbnail":["https:\/\/danilaf.com\/wp-content\/uploads\/2026\/02\/noir--scaled-e1771782276759-150x150.jpg",150,150,true],"medium":["https:\/\/danilaf.com\/wp-content\/uploads\/2026\/02\/noir--scaled-e1771782276759-246x300.jpg",246,300,true],"medium_large":["https:\/\/danilaf.com\/wp-content\/uploads\/2026\/02\/noir--scaled-e1771782276759-768x935.jpg",768,935,true],"large":["https:\/\/danilaf.com\/wp-content\/uploads\/2026\/02\/noir--scaled-e1771782276759-841x1024.jpg",841,1024,true],"1536x1536":["https:\/\/danilaf.com\/wp-content\/uploads\/2026\/02\/noir--scaled-e1771782276759-1261x1536.jpg",1261,1536,true],"2048x2048":["https:\/\/danilaf.com\/wp-content\/uploads\/2026\/02\/noir--scaled-e1771782276759-1682x2048.jpg",1682,2048,true],"trp-custom-language-flag":["https:\/\/danilaf.com\/wp-content\/uploads\/2026\/02\/noir--scaled-e1771782276759-10x12.jpg",10,12,true],"woocommerce_thumbnail":["https:\/\/danilaf.com\/wp-content\/uploads\/2026\/02\/noir--scaled-e1771782276759-300x300.jpg",300,300,true],"woocommerce_single":["https:\/\/danilaf.com\/wp-content\/uploads\/2026\/02\/noir--scaled-e1771782276759-600x731.jpg",600,731,true],"woocommerce_gallery_thumbnail":["https:\/\/danilaf.com\/wp-content\/uploads\/2026\/02\/noir--scaled-e1771782276759-100x100.jpg",100,100,true]},"uagb_author_info":{"display_name":"Danila Fatovich","author_link":"https:\/\/danilaf.com\/en\/author\/"},"uagb_comment_info":0,"uagb_excerpt":"BE \" + \" Le symbole \u00ab plus \u00bb solaire et dynamisant qui vous accompagne, vous rappelle ou vous sugg\u00e8re avec force : + de confiance, + de joie, + d\u2019audace, + de gratitude, + de lumi\u00e8re ou ce que vous d\u00e9sirez secr\u00e8tement ! Un bijou \u00e0 activer Porter un bijou Danila f., c\u2019est cr\u00e9er&hellip;","_links":{"self":[{"href":"https:\/\/danilaf.com\/en\/wp-json\/wp\/v2\/product\/1602","targetHints":{"allow":["GET"]}}],"collection":[{"href":"https:\/\/danilaf.com\/en\/wp-json\/wp\/v2\/product"}],"about":[{"href":"https:\/\/danilaf.com\/en\/wp-json\/wp\/v2\/types\/product"}],"replies":[{"embeddable":true,"href":"https:\/\/danilaf.com\/en\/wp-json\/wp\/v2\/comments?post=1602"}],"wp:featuredmedia":[{"embeddable":true,"href":"https:\/\/danilaf.com\/en\/wp-json\/wp\/v2\/media\/1663"}],"wp:attachment":[{"href":"https:\/\/danilaf.com\/en\/wp-json\/wp\/v2\/media?parent=1602"}],"wp:term":[{"taxonomy":"product_brand","embeddable":true,"href":"https:\/\/danilaf.com\/en\/wp-json\/wp\/v2\/product_brand?post=1602"},{"taxonomy":"product_cat","embeddable":true,"href":"https:\/\/danilaf.com\/en\/wp-json\/wp\/v2\/product_cat?post=1602"},{"taxonomy":"product_tag","embeddable":true,"href":"https:\/\/danilaf.com\/en\/wp-json\/wp\/v2\/product_tag?post=1602"}],"curies":[{"name":"wp","href":"https:\/\/api.w.org\/{rel}","templated":true}]}}