{"id":189,"date":"2025-12-01T00:00:58","date_gmt":"2025-11-30T23:00:58","guid":{"rendered":"https:\/\/danilaf.com\/product\/bohemian-rhapsody-attire\/"},"modified":"2026-02-06T17:44:30","modified_gmt":"2026-02-06T16:44:30","slug":"creative-slide-necklace","status":"publish","type":"product","link":"https:\/\/danilaf.com\/en\/creation\/creative-slide-necklace\/","title":{"rendered":"Creative Slide"},"content":{"rendered":"<h4 data-start=\"1600\" data-end=\"1633\">Pourquoi choisir ce collier ?<\/h4>\n<p data-start=\"1634\" data-end=\"1968\">The <strong data-start=\"1637\" data-end=\"1655\">Creative Slide<\/strong>\u00a0est id\u00e9al pour celles qui recherchent un bijou <strong data-start=\"1703\" data-end=\"1730\">discret mais distinctif<\/strong>. Son design minimaliste permet de le porter seul pour un rendu \u00e9pur\u00e9, ou en superposition pour un style plus affirm\u00e9.<\/p>\n<p data-start=\"1634\" data-end=\"1968\">Les perles en <strong data-start=\"986\" data-end=\"998\">H\u00e9matite<\/strong>, reconnues pour leur r\u00e9sistance et leur \u00e9clat m\u00e9tallique, sont soigneusement s\u00e9lectionn\u00e9es pour leur finition lisse et durable. Le <strong data-start=\"1130\" data-end=\"1150\">fil couleur nude<\/strong>, l\u00e9ger et discret, \u00e9pouse la peau tout en mettant en valeur la brillance argent\u00e9e des perles.<\/p>\n<p data-start=\"1634\" data-end=\"1968\">C\u2019est un collier qui traverse les saisons et les occasions, aussi juste au quotidien que pour un moment plus habill\u00e9.<\/p>\n<hr data-start=\"1970\" data-end=\"1973\" \/>\n<h4 data-start=\"1975\" data-end=\"2015\">Un bijou entre modernit\u00e9 et \u00e9l\u00e9gance<\/h4>\n<p data-start=\"2016\" data-end=\"2250\">Plus qu\u2019un simple collier, le Slide Necklace est une <strong data-start=\"2069\" data-end=\"2088\">ligne lumineuse<\/strong>, un \u00e9quilibre entre sobri\u00e9t\u00e9 et sophistication. Sa simplicit\u00e9 ma\u00eetris\u00e9e en fait une pi\u00e8ce facile \u00e0 associer, tout en conservant une pr\u00e9sence subtile et \u00e9l\u00e9gante.<\/p>\n<hr data-start=\"2252\" data-end=\"2255\" \/>\n<h4 data-start=\"2257\" data-end=\"2295\">Comment porter votre collier Creative Slide<\/h4>\n<p data-start=\"2296\" data-end=\"2512\">Passez le collier par-dessus la t\u00eate, ajustez la longueur gr\u00e2ce au syst\u00e8me coulissant, puis recentrez d\u00e9licatement les perles.<br data-start=\"2422\" data-end=\"2425\" \/>\u00c0 porter sur peau nue, sur un col roul\u00e9 ou en layering avec d\u2019autres colliers Danila f.<\/p>\n<p data-start=\"2296\" data-end=\"2512\"><!--more--><\/p>\n<p><a title=\"Rituals\" href=\"https:\/\/danilaf.com\/en\/rituels\/\">D\u00e9couvrez comment porter votre collier Slide en images<\/a><\/p>","protected":false},"excerpt":{"rendered":"<h5 data-start=\"678\" data-end=\"736\">Une conception pens\u00e9e pour le confort et la durabilit\u00e9<\/h5>\n<p data-start=\"737\" data-end=\"970\">The <strong data-start=\"740\" data-end=\"758\">Slide Necklace<\/strong> est un collier glissant au design \u00e9pur\u00e9, con\u00e7u pour accompagner le corps avec fluidit\u00e9. Chaque d\u00e9tail a \u00e9t\u00e9 pens\u00e9 pour offrir une <strong data-start=\"889\" data-end=\"936\">exp\u00e9rience de port intuitive et confortable<\/strong>, sans compromis sur l\u2019esth\u00e9tique.<\/p>\n<p data-start=\"737\" data-end=\"970\">Gr\u00e2ce \u00e0 son <strong data-start=\"1259\" data-end=\"1283\">m\u00e9canisme coulissant<\/strong>, le collier s\u2019ajuste facilement et s\u2019adapte \u00e0 diff\u00e9rentes longueurs et styles de port.<\/p>\n<hr data-start=\"1372\" data-end=\"1375\" \/>\n<h5 data-start=\"3495\" data-end=\"3515\">Personnalisation &amp; caract\u00e9ristiques<\/h5>\n<ul>\n<li>Collier glissant r\u00e9glable, finition brillante, durable dans le temps<\/li>\n<li>Choix du <strong data-start=\"3530\" data-end=\"3565\">fil l\u00e9ger et r\u00e9sistant <\/strong>et des <strong data-start=\"3530\" data-end=\"3565\">perles \u00e0 chaque hauteur du fil<\/strong><\/li>\n<li>Possibilit\u00e9 de cr\u00e9er un contraste ou une harmonie<\/li>\n<li>Chaque style raconte une intention diff\u00e9rente<\/li>\n<li>Fabrication artisanale<\/li>\n<\/ul>","protected":false},"featured_media":813,"comment_status":"open","ping_status":"closed","template":"","meta":{"_uag_custom_page_level_css":"","_monsterinsights_skip_tracking":false,"_monsterinsights_sitenote_active":false,"_monsterinsights_sitenote_note":"","_monsterinsights_sitenote_category":0,"site-sidebar-layout":"default","site-content-layout":"","ast-site-content-layout":"default","site-content-style":"default","site-sidebar-style":"default","ast-global-header-display":"","ast-banner-title-visibility":"","ast-main-header-display":"","ast-hfb-above-header-display":"","ast-hfb-below-header-display":"","ast-hfb-mobile-header-display":"","site-post-title":"","ast-breadcrumbs-content":"","ast-featured-img":"","footer-sml-layout":"","ast-disable-related-posts":"","theme-transparent-header-meta":"default","adv-header-id-meta":"","stick-header-meta":"","header-above-stick-meta":"","header-main-stick-meta":"","header-below-stick-meta":"","astra-migrate-meta-layouts":"set","ast-page-background-enabled":"default","ast-page-background-meta":{"desktop":{"background-color":"var(--ast-global-color-4)","background-image":"","background-repeat":"repeat","background-position":"center center","background-size":"auto","background-attachment":"scroll","background-type":"","background-media":"","overlay-type":"","overlay-color":"","overlay-opacity":"","overlay-gradient":""},"tablet":{"background-color":"","background-image":"","background-repeat":"repeat","background-position":"center center","background-size":"auto","background-attachment":"scroll","background-type":"","background-media":"","overlay-type":"","overlay-color":"","overlay-opacity":"","overlay-gradient":""},"mobile":{"background-color":"","background-image":"","background-repeat":"repeat","background-position":"center center","background-size":"auto","background-attachment":"scroll","background-type":"","background-media":"","overlay-type":"","overlay-color":"","overlay-opacity":"","overlay-gradient":""}},"ast-content-background-meta":{"desktop":{"background-color":"var(--ast-global-color-5)","background-image":"","background-repeat":"repeat","background-position":"center center","background-size":"auto","background-attachment":"scroll","background-type":"","background-media":"","overlay-type":"","overlay-color":"","overlay-opacity":"","overlay-gradient":""},"tablet":{"background-color":"var(--ast-global-color-5)","background-image":"","background-repeat":"repeat","background-position":"center center","background-size":"auto","background-attachment":"scroll","background-type":"","background-media":"","overlay-type":"","overlay-color":"","overlay-opacity":"","overlay-gradient":""},"mobile":{"background-color":"var(--ast-global-color-5)","background-image":"","background-repeat":"repeat","background-position":"center center","background-size":"auto","background-attachment":"scroll","background-type":"","background-media":"","overlay-type":"","overlay-color":"","overlay-opacity":"","overlay-gradient":""}}},"product_brand":[133],"product_cat":[62],"product_tag":[81,169,171],"class_list":{"0":"post-189","1":"product","2":"type-product","3":"status-publish","4":"has-post-thumbnail","6":"product_brand-danila-f","7":"product_cat-colliers","8":"product_tag-collier","9":"product_tag-personnalisable","10":"product_tag-slide","11":"product_shipping_class-llp-100-g-xs","12":"desktop-align-center","13":"tablet-align-center","14":"mobile-align-center","16":"first","17":"instock","18":"featured","19":"shipping-taxable","20":"purchasable","21":"product-type-variable"},"aioseo_notices":[],"uagb_featured_image_src":{"full":["https:\/\/danilaf.com\/wp-content\/uploads\/2025\/11\/IMGP5316-scaled-e1768819039739.jpg",2086,1353,false],"thumbnail":["https:\/\/danilaf.com\/wp-content\/uploads\/2025\/11\/IMGP5316-scaled-e1768819039739-150x150.jpg",150,150,true],"medium":["https:\/\/danilaf.com\/wp-content\/uploads\/2025\/11\/IMGP5316-scaled-e1768819039739-300x195.jpg",300,195,true],"medium_large":["https:\/\/danilaf.com\/wp-content\/uploads\/2025\/11\/IMGP5316-scaled-e1768819039739-768x498.jpg",768,498,true],"large":["https:\/\/danilaf.com\/wp-content\/uploads\/2025\/11\/IMGP5316-scaled-e1768819039739-1024x664.jpg",1024,664,true],"1536x1536":["https:\/\/danilaf.com\/wp-content\/uploads\/2025\/11\/IMGP5316-scaled-e1768819039739-1536x996.jpg",1536,996,true],"2048x2048":["https:\/\/danilaf.com\/wp-content\/uploads\/2025\/11\/IMGP5316-scaled-e1768819039739-2048x1328.jpg",2048,1328,true],"trp-custom-language-flag":["https:\/\/danilaf.com\/wp-content\/uploads\/2025\/11\/IMGP5316-scaled-e1768819039739.jpg",18,12,false],"woocommerce_thumbnail":["https:\/\/danilaf.com\/wp-content\/uploads\/2025\/11\/IMGP5316-scaled-e1768819039739-300x300.jpg",300,300,true],"woocommerce_single":["https:\/\/danilaf.com\/wp-content\/uploads\/2025\/11\/IMGP5316-scaled-e1768819039739-600x389.jpg",600,389,true],"woocommerce_gallery_thumbnail":["https:\/\/danilaf.com\/wp-content\/uploads\/2025\/11\/IMGP5316-scaled-e1768819039739-100x100.jpg",100,100,true]},"uagb_author_info":{"display_name":"Danila f.","author_link":"https:\/\/danilaf.com\/en\/author\/"},"uagb_comment_info":0,"uagb_excerpt":"Une conception pens\u00e9e pour le confort et la durabilit\u00e9 Le Slide Necklace est un collier glissant au design \u00e9pur\u00e9, con\u00e7u pour accompagner le corps avec fluidit\u00e9. Chaque d\u00e9tail a \u00e9t\u00e9 pens\u00e9 pour offrir une exp\u00e9rience de port intuitive et confortable, sans compromis sur l\u2019esth\u00e9tique. Gr\u00e2ce \u00e0 son m\u00e9canisme coulissant, le collier s\u2019ajuste facilement et s\u2019adapte&hellip;","_links":{"self":[{"href":"https:\/\/danilaf.com\/en\/wp-json\/wp\/v2\/product\/189","targetHints":{"allow":["GET"]}}],"collection":[{"href":"https:\/\/danilaf.com\/en\/wp-json\/wp\/v2\/product"}],"about":[{"href":"https:\/\/danilaf.com\/en\/wp-json\/wp\/v2\/types\/product"}],"replies":[{"embeddable":true,"href":"https:\/\/danilaf.com\/en\/wp-json\/wp\/v2\/comments?post=189"}],"wp:featuredmedia":[{"embeddable":true,"href":"https:\/\/danilaf.com\/en\/wp-json\/wp\/v2\/media\/813"}],"wp:attachment":[{"href":"https:\/\/danilaf.com\/en\/wp-json\/wp\/v2\/media?parent=189"}],"wp:term":[{"taxonomy":"product_brand","embeddable":true,"href":"https:\/\/danilaf.com\/en\/wp-json\/wp\/v2\/product_brand?post=189"},{"taxonomy":"product_cat","embeddable":true,"href":"https:\/\/danilaf.com\/en\/wp-json\/wp\/v2\/product_cat?post=189"},{"taxonomy":"product_tag","embeddable":true,"href":"https:\/\/danilaf.com\/en\/wp-json\/wp\/v2\/product_tag?post=189"}],"curies":[{"name":"wp","href":"https:\/\/api.w.org\/{rel}","templated":true}]}}